{"id":16903,"date":"2019-12-22T13:22:26","date_gmt":"2019-12-22T13:22:26","guid":{"rendered":"https:\/\/www.leadingx.com\/kompetenzen\/in-innovation-change\/clever-organisiert\/"},"modified":"2020-06-02T15:19:07","modified_gmt":"2020-06-02T13:19:07","slug":"cleverly-organised","status":"publish","type":"page","link":"https:\/\/leadingx.huber-online.at\/en\/competences\/in-innovation-change\/cleverly-organised\/","title":{"rendered":"Cleverly organised"},"content":{"rendered":"<div id=\"pl-16903\"  class=\"panel-layout\" ><div class=\"panel-container full no-spacing \"><div id=\"pg-16903-0\"  class=\"panel-grid panel-has-style\" ><div class=\"full no-spacing panel-row-style panel-row-style-for-16903-0\" ><div id=\"pgc-16903-0-0\"  class=\"panel-grid-cell\" ><div id=\"panel-16903-0-0-0\" class=\"so-panel widget widget_hero panel-first-child panel-last-child\" data-index=\"0\" ><div\n\t\t\t\n\t\t\tclass=\"so-widget-hero so-widget-hero-default-d75171398898-16903\"\n\t\t\t\n\t\t><div class=\"hero style-seperated\">\r\n\r\n\t\t\t<div class=\"container content\">\r\n\t\t\t<div class=\"inner\">\r\n\t\t\t\t<div class=\"title\">\r\n\t\t\t\t\t<h1 class=\"h1\">\r\n\t\t\t\t\t\tCleverly organised\t\t\t\t\t<\/h1>\r\n\t\t\t\t\t\r\n\t\t\t\t<\/div>\r\n\t\t\t\t<p class=\"txt h3\">\r\n\t\t\t\t\tThrough self-management, establishing a structure for an overview, organisation and time-saving.\t\t\t\t<\/p>\r\n\r\n\t\t\t\t\t\t\t\t\t\t\t\t\t\t<div class=\"button\">\r\n\t\t\t\t\t\t<a href=\"https:\/\/leadingx.huber-online.at\/xperten-team\/uwe-poelzl\/\" title=\"Termin vereinbaren\" class=\"btn style-yellow\" >\r\n\t\t\t\t\t\t\t<span>to make an appointment<\/span>\r\n\t\t\t\t\t\t<\/a>\r\n\t\t\t\t\t<\/div>\r\n\t\t\t\t\t\t\t<\/div>\r\n\t\t<\/div>\r\n\t\t<div class=\"image\">\r\n\t\t\t\t\t\t\t\t<img decoding=\"async\" src=\"https:\/\/leadingx.huber-online.at\/wp-content\/uploads\/2019\/12\/business-people-run-inside-gears-cause-01.svg\" \/>\r\n\t\t\t\t\t\t<\/div>\r\n\t\r\n<\/div>\r\n<\/div><\/div><\/div><\/div><\/div><\/div><div class=\"panel-container spacing-small-top \"><div id=\"pg-16903-1\"  class=\"panel-grid panel-has-style\" ><div class=\"spacing-small-top panel-row-style panel-row-style-for-16903-1\" ><div id=\"pgc-16903-1-0\"  class=\"panel-grid-cell\" ><div id=\"panel-16903-1-0-0\" class=\"so-panel widget widget_headline-with-sub panel-first-child\" data-index=\"1\" ><div\n\t\t\t\n\t\t\tclass=\"so-widget-headline-with-sub so-widget-headline-with-sub-default-d75171398898-16903\"\n\t\t\t\n\t\t><div class=\"headline text-left\">\r\n\t<div class=\"title\">\r\n\t\t<h2>\r\n\t\t\tCleverly organised\t\t<\/h2>\r\n\t<\/div>\r\n\t<div class=\"sub\">\r\n\t\t<p>\r\n\t\t\tSelf-management and establishing a structure for overview, organisation and time-saving.\t\t<\/p>\r\n\t<\/div>\r\n<\/div>\r\n<\/div><\/div><div id=\"panel-16903-1-0-1\" class=\"so-panel widget widget_sow-editor\" data-index=\"2\" ><div\n\t\t\t\n\t\t\tclass=\"so-widget-sow-editor so-widget-sow-editor-base\"\n\t\t\t\n\t\t>\n<div class=\"siteorigin-widget-tinymce textwidget\">\n\t<p>Are you cleverly organised?\u00a0 Do you have the impression that your performance, your efficiency do not really improve, despite the latest hard- and software?\u00a0 Do you have piles of unfinished papers on the desk, unclear priorities or a deluge of emails? Do you have so many disruptions, that you can't get on with your work?\u00a0 Do you have too many marathons of meetings? Are you working on several tasks at the same time, and still don't seem to get any closer to the finishing line?<\/p>\n<p>&nbsp;<\/p>\n<p>It is stressful to be stuck in the hamster-wheel, never to finish and at the same time, so frustrating to always try to catch up.\u00a0 This doesn't exactly trigger enthusiasm, does it?\u00a0 So, when do you have or take time for the essentials ?!<\/p>\n<\/div>\n<\/div><\/div><div id=\"panel-16903-1-0-2\" class=\"so-panel widget widget_sow-editor panel-last-child\" data-index=\"3\" ><div\n\t\t\t\n\t\t\tclass=\"so-widget-sow-editor so-widget-sow-editor-base\"\n\t\t\t\n\t\t>\n<div class=\"siteorigin-widget-tinymce textwidget\">\n\t<h2>Contents of\u00a0 \"Cleverly organised\"<\/h2>\n<p>In this seminar you will learn and experience very concrete, tried and tested procedures. Like, how you can master the situation described above more skillfully, with clearer time-management, improved self-organisation and learning how to handle your tasks more efficiently.\u00a0 \u00a0Concrete topics are:<\/p>\n<ul>\n<li>the basic principles of efficient work<\/li>\n<li>setting goals and priorities<\/li>\n<li>practicing good time-management<\/li>\n<li>time analysis: tracking down time wasters<\/li>\n<li>no more interference, no more postponing<\/li>\n<li>efficient communication by e-mail or mobile phone<\/li>\n<li>prepare meetings result-oriented<\/li>\n<li>optimal desk organization: finding instead of searching<\/li>\n<\/ul>\n<p>&nbsp;<\/p>\n<h4><\/h4>\n<\/div>\n<\/div><\/div><\/div><\/div><\/div><\/div><div class=\"panel-container \"><div id=\"pg-16903-2\"  class=\"panel-grid panel-no-style\" ><div id=\"pgc-16903-2-0\"  class=\"panel-grid-cell\" ><div id=\"panel-16903-2-0-0\" class=\"so-panel widget widget_media_image panel-first-child panel-last-child\" data-index=\"4\" ><div style=\"width: 460px\" class=\"wp-caption alignnone\"><img loading=\"lazy\" decoding=\"async\" width=\"500\" height=\"500\" src=\"https:\/\/leadingx.huber-online.at\/wp-content\/uploads\/2017\/01\/uwe-p\u00f6lzl-innovation-change-ver\u00e4nderung-iak-institut-f\u00fcr-angewandte-kreativit\u00e4t-600x600-1-500x500.jpg\" class=\"image wp-image-10343  attachment-450x450 size-450x450\" alt=\"Uwe P\u00f6lzl, Innovation, L\u00f6sung, Produkt, Entwicklung, Kreativit\u00e4t\" style=\"max-width: 100%; height: auto;\" srcset=\"https:\/\/leadingx.huber-online.at\/wp-content\/uploads\/2017\/01\/uwe-p\u00f6lzl-innovation-change-ver\u00e4nderung-iak-institut-f\u00fcr-angewandte-kreativit\u00e4t-600x600-1-500x500.jpg 500w, https:\/\/leadingx.huber-online.at\/wp-content\/uploads\/2017\/01\/uwe-p\u00f6lzl-innovation-change-ver\u00e4nderung-iak-institut-f\u00fcr-angewandte-kreativit\u00e4t-600x600-1-300x300.jpg 300w, https:\/\/leadingx.huber-online.at\/wp-content\/uploads\/2017\/01\/uwe-p\u00f6lzl-innovation-change-ver\u00e4nderung-iak-institut-f\u00fcr-angewandte-kreativit\u00e4t-600x600-1-1024x1024.jpg 1024w, https:\/\/leadingx.huber-online.at\/wp-content\/uploads\/2017\/01\/uwe-p\u00f6lzl-innovation-change-ver\u00e4nderung-iak-institut-f\u00fcr-angewandte-kreativit\u00e4t-600x600-1-150x150.jpg 150w, https:\/\/leadingx.huber-online.at\/wp-content\/uploads\/2017\/01\/uwe-p\u00f6lzl-innovation-change-ver\u00e4nderung-iak-institut-f\u00fcr-angewandte-kreativit\u00e4t-600x600-1-768x768.jpg 768w, https:\/\/leadingx.huber-online.at\/wp-content\/uploads\/2017\/01\/uwe-p\u00f6lzl-innovation-change-ver\u00e4nderung-iak-institut-f\u00fcr-angewandte-kreativit\u00e4t-600x600-1-1536x1536.jpg 1536w, https:\/\/leadingx.huber-online.at\/wp-content\/uploads\/2017\/01\/uwe-p\u00f6lzl-innovation-change-ver\u00e4nderung-iak-institut-f\u00fcr-angewandte-kreativit\u00e4t-600x600-1-370x370.jpg 370w, https:\/\/leadingx.huber-online.at\/wp-content\/uploads\/2017\/01\/uwe-p\u00f6lzl-innovation-change-ver\u00e4nderung-iak-institut-f\u00fcr-angewandte-kreativit\u00e4t-600x600-1-200x200.jpg 200w, https:\/\/leadingx.huber-online.at\/wp-content\/uploads\/2017\/01\/uwe-p\u00f6lzl-innovation-change-ver\u00e4nderung-iak-institut-f\u00fcr-angewandte-kreativit\u00e4t-600x600-1.jpg 1719w\" sizes=\"auto, (max-width: 450px) 100vw, 450px\" \/><p class=\"wp-caption-text\">Uwe P\u00f6lzl, Innovation, L\u00f6sung, Produkt, Entwicklung<\/p><\/div><\/div><\/div><div id=\"pgc-16903-2-1\"  class=\"panel-grid-cell\" ><div id=\"panel-16903-2-1-0\" class=\"so-panel widget widget_sow-editor panel-first-child panel-last-child\" data-index=\"5\" ><div\n\t\t\t\n\t\t\tclass=\"so-widget-sow-editor so-widget-sow-editor-base\"\n\t\t\t\n\t\t>\n<div class=\"siteorigin-widget-tinymce textwidget\">\n\t<h2>How \"Cleverly organised\" will benefit you<\/h2>\n<p>Four weeks after the workshop, its results were evaluated by one of the referencing companies:<\/p>\n<ul>\n<li>an average time-saving of more than 10%<\/li>\n<li>less personal pressure was experienced<\/li>\n<li>significantly better performance- and work results<\/li>\n<li>the investment of the workshop 'Cleverly organised' pays off,\u00a0 in no time.<\/li>\n<\/ul>\n<\/div>\n<\/div><\/div><\/div><\/div><\/div><div class=\"panel-container \"><div id=\"pg-16903-3\"  class=\"panel-grid panel-no-style\" ><div id=\"pgc-16903-3-0\"  class=\"panel-grid-cell\" ><div id=\"panel-16903-3-0-0\" class=\"so-panel widget widget_sow-editor panel-first-child\" data-index=\"6\" ><div\n\t\t\t\n\t\t\tclass=\"so-widget-sow-editor so-widget-sow-editor-base\"\n\t\t\t\n\t\t>\n<div class=\"siteorigin-widget-tinymce textwidget\">\n\t<h2>Target-group for \"Cleverly organised\"<\/h2>\n<p>For executives, project managers, salespeople, key-employees and simply anyone,\u00a0 looking for a tried and tested procedure, that helps them to cope better with their everyday work-routine.<\/p>\n<\/div>\n<\/div><\/div><div id=\"panel-16903-3-0-1\" class=\"so-panel widget widget_button panel-last-child\" data-index=\"7\" ><div\n\t\t\t\n\t\t\tclass=\"so-widget-button so-widget-button-default-d75171398898-16903\"\n\t\t\t\n\t\t><div class=\"button text-left\">\r\n\t<a href=\"https:\/\/leadingx.huber-online.at\/xperten-team\/uwe-poelzl\/\" title=\"to book \" target=\"_self\" class=\"btn style-default\">\r\n\t\t<span>to book <\/span>\r\n\t<\/a>\r\n<\/div><\/div><\/div><\/div><\/div><\/div><div class=\"panel-container spacing-small-top \"><div id=\"pg-16903-4\"  class=\"panel-grid panel-has-style\" ><div class=\"spacing-small-top panel-row-style panel-row-style-for-16903-4\" ><div id=\"pgc-16903-4-0\"  class=\"panel-grid-cell\" ><div id=\"panel-16903-4-0-0\" class=\"so-panel widget widget_sow-editor panel-first-child panel-last-child\" data-index=\"8\" ><div\n\t\t\t\n\t\t\tclass=\"so-widget-sow-editor so-widget-sow-editor-base\"\n\t\t\t\n\t\t>\n<div class=\"siteorigin-widget-tinymce textwidget\">\n\t<h2>Participants' reviews:<\/h2>\n<p>&nbsp;<\/p>\n<ul>\n<li>The workshop\u00a0 \"cleverly organized\u00a0 - allowing more time for the essentials\",\u00a0 was a very good, highly professional and practical seminar, on an enormously important topic - which impressed with an extremely entertaining, enjoyable and interactive design, as well as by Dr. Uwe P\u00f6lzl himself, - an absolutely convincing speaker-,\u00a0 who believably refers to his own experience and therefore recommends\u00a0 concrete solutions.\" Johannes Koeck, Head of Cine Tirol<\/li>\n<li>\u201cA real asset for overcoming daily challenges!\u201d E. Henrich, Gesch\u00e4ftsf\u00fchrung HVW Architekten<\/li>\n<li>\"Do you know the works of the inner saboteur?\u00a0 You attend a really good seminar, about management of \"TIME\", get 1000 tips, but - then fail to implement any of it! It was nothing like that at the seminar 'Cleverly Organised' by Uwe Pelzel!\u00a0 One notices from the start that Uwe hasn't lost touch with everyday work-life.\u00a0 From the first minute you will be encouraged to implement the seminar's rich content. In the last chapter \"Habits\" he Uwe vividly described why the implementation of changing habits is so difficult, and what you can or must do to succeed.\u00a0 Two days, that really make a difference and change (bad) habits.\u00a0 That was definitely not my last seminar with Uwe P\u00f6lzl \u2013 Thank you!\" Raimund ELLER, Gesch\u00e4ftsf\u00fchrender Gesellschafter im Team J\u00fcnger Steuerberater OG<\/li>\n<li>It's also great that the given tools can be used for both, work- and personal life.\u201c<br \/>\nInge Bihler, PLANSEE Composite Materials GmbH<\/li>\n<li>\"I can only recommend this seminar to anyone who wants to make progress in life.\u201c<br \/>\nRene Priller, CERATIZIT Austria GmbH<\/li>\n<\/ul>\n<\/div>\n<\/div><\/div><\/div><\/div><\/div><\/div><div class=\"panel-container spacing \"><div id=\"pg-16903-5\"  class=\"panel-grid panel-has-style\" ><div class=\"spacing panel-row-style panel-row-style-for-16903-5\" ><div id=\"pgc-16903-5-0\"  class=\"panel-grid-cell\" ><div id=\"panel-16903-5-0-0\" class=\"so-panel widget widget_sow-editor panel-first-child panel-last-child\" data-index=\"9\" ><div\n\t\t\t\n\t\t\tclass=\"so-widget-sow-editor so-widget-sow-editor-base\"\n\t\t\t\n\t\t>\n<div class=\"siteorigin-widget-tinymce textwidget\">\n\t<p style=\"text-align: right;\"><strong>Are you running a company?<\/strong><br \/>\n<strong>Are you leading a team?<\/strong><br \/>\n<strong>Do you manage employees?<\/strong><br \/>\n<strong>Do you have communications with customers?<\/strong><br \/>\n<strong>Do you run projects?<\/strong><br \/>\n<strong>Do you live your life with awareness?<\/strong><br \/>\n<strong>Have a conversation with us!<br \/>\n...or secure your place in this seminar &amp;\u00a0benefit from Leading X &gt; Xperience creates Xcellence (experience creates excellence)<\/strong><\/p>\n<\/div>\n<\/div><\/div><\/div><div id=\"pgc-16903-5-1\"  class=\"panel-grid-cell\" ><div id=\"panel-16903-5-1-0\" class=\"so-panel widget widget_sow-editor panel-first-child\" data-index=\"10\" ><div\n\t\t\t\n\t\t\tclass=\"so-widget-sow-editor so-widget-sow-editor-base\"\n\t\t\t\n\t\t>\n<div class=\"siteorigin-widget-tinymce textwidget\">\n\t<p>Please check for available dates and make an appointment!<\/p>\n<\/div>\n<\/div><\/div><div id=\"panel-16903-5-1-1\" class=\"so-panel widget widget_button\" data-index=\"11\" ><div\n\t\t\t\n\t\t\tclass=\"so-widget-button so-widget-button-default-d75171398898-16903\"\n\t\t\t\n\t\t><div class=\"button text-left\">\r\n\t<a href=\"https:\/\/leadingx.huber-online.at\/xperten-team\/uwe-poelzl\/\" title=\"to make an appointment\" target=\"_self\" class=\"btn style-default\">\r\n\t\t<span>to make an appointment<\/span>\r\n\t<\/a>\r\n<\/div><\/div><\/div><div id=\"panel-16903-5-1-2\" class=\"so-panel widget widget_sow-editor\" data-index=\"12\" ><div\n\t\t\t\n\t\t\tclass=\"so-widget-sow-editor so-widget-sow-editor-base\"\n\t\t\t\n\t\t>\n<div class=\"siteorigin-widget-tinymce textwidget\">\n\t<p>Or contact us and we'll discuss your individual in-house seminar, coaching or training program with us, at the <strong><a href=\"https:\/\/www.leadingx.com\/en\/services\/xacademy\/\">Xacademy<\/a><\/strong>.<\/p>\n<\/div>\n<\/div><\/div><div id=\"panel-16903-5-1-3\" class=\"so-panel widget widget_button panel-last-child\" data-index=\"13\" ><div\n\t\t\t\n\t\t\tclass=\"so-widget-button so-widget-button-default-d75171398898-16903\"\n\t\t\t\n\t\t><div class=\"button text-left\">\r\n\t<a href=\"https:\/\/leadingx.huber-online.at\/kontakt\/\" title=\"Mehr dazu\" target=\"_self\" class=\"btn style-default\">\r\n\t\t<span>Xacademy \/ Enquiry<\/span>\r\n\t<\/a>\r\n<\/div><\/div><\/div><\/div><\/div><\/div><\/div><\/div>","protected":false},"excerpt":{"rendered":"<p>Are you cleverly organised?\u00a0 Do you have the impression that your performance, your efficiency do not really improve, despite the latest hard- and software?\u00a0 Do you have piles of unfinished papers on the desk, unclear priorities or a deluge of emails? Do you have so many disruptions, that you can&#8217;t get on with your work?\u00a0 [&hellip;]<\/p>\n","protected":false},"author":4,"featured_media":0,"parent":16900,"menu_order":0,"comment_status":"closed","ping_status":"closed","template":"","meta":{"_acf_changed":false,"footnotes":""},"class_list":["post-16903","page","type-page","status-publish","hentry"],"acf":[],"yoast_head":"<!-- This site is optimized with the Yoast SEO plugin v27.1.1 - https:\/\/yoast.com\/product\/yoast-seo-wordpress\/ -->\n<title>Cleverly organised! Selfmangement in TIME<\/title>\n<meta name=\"description\" content=\"Learn and experience above more skillfully, with clearer time-management, improved self-organisation.\u00a0Concrete ...\" \/>\n<meta name=\"robots\" content=\"index, follow, max-snippet:-1, max-image-preview:large, max-video-preview:-1\" \/>\n<link rel=\"canonical\" href=\"https:\/\/leadingx.huber-online.at\/en\/competences\/in-innovation-change\/cleverly-organised\/\" \/>\n<meta property=\"og:locale\" content=\"en_US\" \/>\n<meta property=\"og:type\" content=\"article\" \/>\n<meta property=\"og:title\" content=\"Cleverly organised! Selfmangement in TIME\" \/>\n<meta property=\"og:description\" content=\"Learn and experience above more skillfully, with clearer time-management, improved self-organisation.\u00a0Concrete ...\" \/>\n<meta property=\"og:url\" content=\"https:\/\/leadingx.huber-online.at\/en\/competences\/in-innovation-change\/cleverly-organised\/\" \/>\n<meta property=\"og:site_name\" content=\"LeadingX\" \/>\n<meta property=\"article:publisher\" content=\"https:\/\/www.facebook.com\/LeadingX.Xperience.creates.Xcellence\/\" \/>\n<meta property=\"article:modified_time\" content=\"2020-06-02T13:19:07+00:00\" \/>\n<meta property=\"og:image\" content=\"https:\/\/leadingx.huber-online.at\/wp-content\/uploads\/2019\/12\/LeadingX-logo.png\" \/>\n\t<meta property=\"og:image:width\" content=\"1303\" \/>\n\t<meta property=\"og:image:height\" content=\"658\" \/>\n\t<meta property=\"og:image:type\" content=\"image\/png\" \/>\n<meta name=\"twitter:card\" content=\"summary_large_image\" \/>\n<meta name=\"twitter:label1\" content=\"Est. reading time\" \/>\n\t<meta name=\"twitter:data1\" content=\"3 minutes\" \/>\n<script type=\"application\/ld+json\" class=\"yoast-schema-graph\">{\"@context\":\"https:\/\/schema.org\",\"@graph\":[{\"@type\":\"WebPage\",\"@id\":\"https:\/\/leadingx.huber-online.at\/en\/competences\/in-innovation-change\/cleverly-organised\/\",\"url\":\"https:\/\/leadingx.huber-online.at\/en\/competences\/in-innovation-change\/cleverly-organised\/\",\"name\":\"Cleverly organised! Selfmangement in TIME\",\"isPartOf\":{\"@id\":\"https:\/\/leadingx.huber-online.at\/en\/#website\"},\"datePublished\":\"2019-12-22T13:22:26+00:00\",\"dateModified\":\"2020-06-02T13:19:07+00:00\",\"description\":\"Learn and experience above more skillfully, with clearer time-management, improved self-organisation.\u00a0Concrete ...\",\"breadcrumb\":{\"@id\":\"https:\/\/leadingx.huber-online.at\/en\/competences\/in-innovation-change\/cleverly-organised\/#breadcrumb\"},\"inLanguage\":\"en-US\",\"potentialAction\":[{\"@type\":\"ReadAction\",\"target\":[\"https:\/\/leadingx.huber-online.at\/en\/competences\/in-innovation-change\/cleverly-organised\/\"]}]},{\"@type\":\"BreadcrumbList\",\"@id\":\"https:\/\/leadingx.huber-online.at\/en\/competences\/in-innovation-change\/cleverly-organised\/#breadcrumb\",\"itemListElement\":[{\"@type\":\"ListItem\",\"position\":1,\"name\":\"Startseite\",\"item\":\"https:\/\/leadingx.huber-online.at\/en\/\"},{\"@type\":\"ListItem\",\"position\":2,\"name\":\"Comptences-Overview\",\"item\":\"https:\/\/leadingx.huber-online.at\/en\/kompetenzen\/\"},{\"@type\":\"ListItem\",\"position\":3,\"name\":\"In-Innovation &#038; Change\",\"item\":\"https:\/\/leadingx.huber-online.at\/en\/kompetenzen\/in-innovation-change\/\"},{\"@type\":\"ListItem\",\"position\":4,\"name\":\"Cleverly organised\"}]},{\"@type\":\"WebSite\",\"@id\":\"https:\/\/leadingx.huber-online.at\/en\/#website\",\"url\":\"https:\/\/leadingx.huber-online.at\/en\/\",\"name\":\"LeadingX\",\"description\":\"Xperience creates Xcellence\",\"publisher\":{\"@id\":\"https:\/\/leadingx.huber-online.at\/en\/#organization\"},\"potentialAction\":[{\"@type\":\"SearchAction\",\"target\":{\"@type\":\"EntryPoint\",\"urlTemplate\":\"https:\/\/leadingx.huber-online.at\/en\/?s={search_term_string}\"},\"query-input\":{\"@type\":\"PropertyValueSpecification\",\"valueRequired\":true,\"valueName\":\"search_term_string\"}}],\"inLanguage\":\"en-US\"},{\"@type\":\"Organization\",\"@id\":\"https:\/\/leadingx.huber-online.at\/en\/#organization\",\"name\":\"LeadingX\",\"url\":\"https:\/\/leadingx.huber-online.at\/en\/\",\"logo\":{\"@type\":\"ImageObject\",\"inLanguage\":\"en-US\",\"@id\":\"https:\/\/leadingx.huber-online.at\/en\/#\/schema\/logo\/image\/\",\"url\":\"https:\/\/leadingx.huber-online.at\/wp-content\/uploads\/2019\/12\/LeadingX-logo.png\",\"contentUrl\":\"https:\/\/leadingx.huber-online.at\/wp-content\/uploads\/2019\/12\/LeadingX-logo.png\",\"width\":1303,\"height\":658,\"caption\":\"LeadingX\"},\"image\":{\"@id\":\"https:\/\/leadingx.huber-online.at\/en\/#\/schema\/logo\/image\/\"},\"sameAs\":[\"https:\/\/www.facebook.com\/LeadingX.Xperience.creates.Xcellence\/\",\"https:\/\/www.linkedin.com\/in\/markusgruberleadingx\/\",\"https:\/\/www.youtube.com\/channel\/UCotB7KtvXuT665gWvdDJi5Q\"]}]}<\/script>\n<!-- \/ Yoast SEO plugin. -->","yoast_head_json":{"title":"Cleverly organised! Selfmangement in TIME","description":"Learn and experience above more skillfully, with clearer time-management, improved self-organisation.\u00a0Concrete ...","robots":{"index":"index","follow":"follow","max-snippet":"max-snippet:-1","max-image-preview":"max-image-preview:large","max-video-preview":"max-video-preview:-1"},"canonical":"https:\/\/leadingx.huber-online.at\/en\/competences\/in-innovation-change\/cleverly-organised\/","og_locale":"en_US","og_type":"article","og_title":"Cleverly organised! Selfmangement in TIME","og_description":"Learn and experience above more skillfully, with clearer time-management, improved self-organisation.\u00a0Concrete ...","og_url":"https:\/\/leadingx.huber-online.at\/en\/competences\/in-innovation-change\/cleverly-organised\/","og_site_name":"LeadingX","article_publisher":"https:\/\/www.facebook.com\/LeadingX.Xperience.creates.Xcellence\/","article_modified_time":"2020-06-02T13:19:07+00:00","og_image":[{"width":1303,"height":658,"url":"https:\/\/leadingx.huber-online.at\/wp-content\/uploads\/2019\/12\/LeadingX-logo.png","type":"image\/png"}],"twitter_card":"summary_large_image","twitter_misc":{"Est. reading time":"3 minutes"},"schema":{"@context":"https:\/\/schema.org","@graph":[{"@type":"WebPage","@id":"https:\/\/leadingx.huber-online.at\/en\/competences\/in-innovation-change\/cleverly-organised\/","url":"https:\/\/leadingx.huber-online.at\/en\/competences\/in-innovation-change\/cleverly-organised\/","name":"Cleverly organised! Selfmangement in TIME","isPartOf":{"@id":"https:\/\/leadingx.huber-online.at\/en\/#website"},"datePublished":"2019-12-22T13:22:26+00:00","dateModified":"2020-06-02T13:19:07+00:00","description":"Learn and experience above more skillfully, with clearer time-management, improved self-organisation.\u00a0Concrete ...","breadcrumb":{"@id":"https:\/\/leadingx.huber-online.at\/en\/competences\/in-innovation-change\/cleverly-organised\/#breadcrumb"},"inLanguage":"en-US","potentialAction":[{"@type":"ReadAction","target":["https:\/\/leadingx.huber-online.at\/en\/competences\/in-innovation-change\/cleverly-organised\/"]}]},{"@type":"BreadcrumbList","@id":"https:\/\/leadingx.huber-online.at\/en\/competences\/in-innovation-change\/cleverly-organised\/#breadcrumb","itemListElement":[{"@type":"ListItem","position":1,"name":"Startseite","item":"https:\/\/leadingx.huber-online.at\/en\/"},{"@type":"ListItem","position":2,"name":"Comptences-Overview","item":"https:\/\/leadingx.huber-online.at\/en\/kompetenzen\/"},{"@type":"ListItem","position":3,"name":"In-Innovation &#038; Change","item":"https:\/\/leadingx.huber-online.at\/en\/kompetenzen\/in-innovation-change\/"},{"@type":"ListItem","position":4,"name":"Cleverly organised"}]},{"@type":"WebSite","@id":"https:\/\/leadingx.huber-online.at\/en\/#website","url":"https:\/\/leadingx.huber-online.at\/en\/","name":"LeadingX","description":"Xperience creates Xcellence","publisher":{"@id":"https:\/\/leadingx.huber-online.at\/en\/#organization"},"potentialAction":[{"@type":"SearchAction","target":{"@type":"EntryPoint","urlTemplate":"https:\/\/leadingx.huber-online.at\/en\/?s={search_term_string}"},"query-input":{"@type":"PropertyValueSpecification","valueRequired":true,"valueName":"search_term_string"}}],"inLanguage":"en-US"},{"@type":"Organization","@id":"https:\/\/leadingx.huber-online.at\/en\/#organization","name":"LeadingX","url":"https:\/\/leadingx.huber-online.at\/en\/","logo":{"@type":"ImageObject","inLanguage":"en-US","@id":"https:\/\/leadingx.huber-online.at\/en\/#\/schema\/logo\/image\/","url":"https:\/\/leadingx.huber-online.at\/wp-content\/uploads\/2019\/12\/LeadingX-logo.png","contentUrl":"https:\/\/leadingx.huber-online.at\/wp-content\/uploads\/2019\/12\/LeadingX-logo.png","width":1303,"height":658,"caption":"LeadingX"},"image":{"@id":"https:\/\/leadingx.huber-online.at\/en\/#\/schema\/logo\/image\/"},"sameAs":["https:\/\/www.facebook.com\/LeadingX.Xperience.creates.Xcellence\/","https:\/\/www.linkedin.com\/in\/markusgruberleadingx\/","https:\/\/www.youtube.com\/channel\/UCotB7KtvXuT665gWvdDJi5Q"]}]}},"_links":{"self":[{"href":"https:\/\/leadingx.huber-online.at\/en\/wp-json\/wp\/v2\/pages\/16903","targetHints":{"allow":["GET"]}}],"collection":[{"href":"https:\/\/leadingx.huber-online.at\/en\/wp-json\/wp\/v2\/pages"}],"about":[{"href":"https:\/\/leadingx.huber-online.at\/en\/wp-json\/wp\/v2\/types\/page"}],"author":[{"embeddable":true,"href":"https:\/\/leadingx.huber-online.at\/en\/wp-json\/wp\/v2\/users\/4"}],"replies":[{"embeddable":true,"href":"https:\/\/leadingx.huber-online.at\/en\/wp-json\/wp\/v2\/comments?post=16903"}],"version-history":[{"count":57,"href":"https:\/\/leadingx.huber-online.at\/en\/wp-json\/wp\/v2\/pages\/16903\/revisions"}],"predecessor-version":[{"id":19764,"href":"https:\/\/leadingx.huber-online.at\/en\/wp-json\/wp\/v2\/pages\/16903\/revisions\/19764"}],"up":[{"embeddable":true,"href":"https:\/\/leadingx.huber-online.at\/en\/wp-json\/wp\/v2\/pages\/16900"}],"wp:attachment":[{"href":"https:\/\/leadingx.huber-online.at\/en\/wp-json\/wp\/v2\/media?parent=16903"}],"curies":[{"name":"wp","href":"https:\/\/api.w.org\/{rel}","templated":true}]}}