{"id":16915,"date":"2019-12-17T09:54:39","date_gmt":"2019-12-17T09:54:39","guid":{"rendered":"https:\/\/www.leadingx.com\/kompetenzen\/kooperation-team-verkauf\/cospirit\/"},"modified":"2020-06-02T15:02:20","modified_gmt":"2020-06-02T13:02:20","slug":"cospirit","status":"publish","type":"page","link":"https:\/\/leadingx.huber-online.at\/en\/competences\/cooperation-team-sales\/cospirit\/","title":{"rendered":"CoSpirit"},"content":{"rendered":"<div id=\"pl-16915\"  class=\"panel-layout\" ><div class=\"panel-container full no-spacing \"><div id=\"pg-16915-0\"  class=\"panel-grid panel-has-style\" ><div class=\"full no-spacing panel-row-style panel-row-style-for-16915-0\" ><div id=\"pgc-16915-0-0\"  class=\"panel-grid-cell\" ><div id=\"panel-16915-0-0-0\" class=\"so-panel widget widget_hero panel-first-child panel-last-child\" data-index=\"0\" ><div\n\t\t\t\n\t\t\tclass=\"so-widget-hero so-widget-hero-default-d75171398898-16915\"\n\t\t\t\n\t\t><div class=\"hero style-seperated\">\r\n\r\n\t\t\t<div class=\"container content\">\r\n\t\t\t<div class=\"inner\">\r\n\t\t\t\t<div class=\"title\">\r\n\t\t\t\t\t<h1 class=\"h1\">\r\n\t\t\t\t\t\tCoSpirit\t\t\t\t\t<\/h1>\r\n\t\t\t\t\t\r\n\t\t\t\t<\/div>\r\n\t\t\t\t<p class=\"txt h3\">\r\n\t\t\t\t\tCooperating effectively and developing highly-performing teams.\t\t\t\t<\/p>\r\n\r\n\t\t\t\t\t\t\t\t\t\t\t\t\t\t<div class=\"button\">\r\n\t\t\t\t\t\t<a href=\"https:\/\/leadingx.huber-online.at\/termine\/\" title=\"to book a place\" class=\"btn style-yellow\" >\r\n\t\t\t\t\t\t\t<span>to book a place<\/span>\r\n\t\t\t\t\t\t<\/a>\r\n\t\t\t\t\t<\/div>\r\n\t\t\t\t\t\t\t<\/div>\r\n\t\t<\/div>\r\n\t\t<div class=\"image\">\r\n\t\t\t\t\t\t\t\t<img decoding=\"async\" src=\"https:\/\/leadingx.huber-online.at\/wp-content\/uploads\/2019\/12\/co-spirit-freigestellt.svg\" \/>\r\n\t\t\t\t\t\t<\/div>\r\n\t\r\n<\/div>\r\n<\/div><\/div><\/div><\/div><\/div><\/div><div class=\"panel-container spacing-small-top \"><div id=\"pg-16915-1\"  class=\"panel-grid panel-has-style\" ><div class=\"spacing-small-top panel-row-style panel-row-style-for-16915-1\" ><div id=\"pgc-16915-1-0\"  class=\"panel-grid-cell\" ><div id=\"panel-16915-1-0-0\" class=\"so-panel widget widget_headline-with-sub panel-first-child\" data-index=\"1\" ><div\n\t\t\t\n\t\t\tclass=\"so-widget-headline-with-sub so-widget-headline-with-sub-default-d75171398898-16915\"\n\t\t\t\n\t\t><div class=\"headline text-left\">\r\n\t<div class=\"title\">\r\n\t\t<h2>\r\n\t\t\tCoSpirit\t\t<\/h2>\r\n\t<\/div>\r\n\t<div class=\"sub\">\r\n\t\t<p>\r\n\t\t\tCooperating effectively in a connected and complex world, and developing highly-performing teams.\t\t<\/p>\r\n\t<\/div>\r\n<\/div>\r\n<\/div><\/div><div id=\"panel-16915-1-0-1\" class=\"so-panel widget widget_sow-editor\" data-index=\"2\" ><div\n\t\t\t\n\t\t\tclass=\"so-widget-sow-editor so-widget-sow-editor-base\"\n\t\t\t\n\t\t>\n<div class=\"siteorigin-widget-tinymce textwidget\">\n\t<p><strong>\"The only thing that will redeem mankind is cooperation.\"<\/strong> (Bertrand Russel)<\/p>\n<p><strong>The faster and more complex the world becomes, the more important is our cooperation<\/strong> - the CoSpirit! The summarised\u00a0 phenomenon of\u00a0 VUCA ( volatility, uncertainty, complexity, ambiguity) leads to\u00a0 processes and solutions having to be more <strong>flexible and connected,<\/strong> to a greater extent.\u00a0 Especially when the pressure increases, constant changes are pending, and it becomes imperative that everyone together, pulls in the same direction!\u00a0 The use of digital tools, coaxing or given orders, are simply not enough any longer.<\/p>\n<p>Modern employees ask for operational management relationships and for personal responsibility. Matrix-, and project- structures entail influencing without the need for a classic management-mandate.\u00a0 They may require managers and team-members to break away <strong>from old, set images of leadership and behavioural patterns.\u00a0<\/strong> Single-minded thinking, territorial selfishness, internal competitive thinking,\u00a0 lone fighter -,\u00a0 and authoritarian leadership scenarios, prove to be counterproductive in a networking, rapidly changing world.\u00a0 What attitudes and behavioural strategies do we need instead?\u00a0 What does, the new spirit of cooperating,\u00a0 the CoSpirit,\u00a0 that ensures that cooperation in various forms can succeed under the current circumstances, look like?<\/p>\n<p>&nbsp;<\/p>\n<\/div>\n<\/div><\/div><div id=\"panel-16915-1-0-2\" class=\"so-panel widget widget_sow-editor panel-last-child\" data-index=\"3\" ><div\n\t\t\t\n\t\t\tclass=\"so-widget-sow-editor so-widget-sow-editor-base\"\n\t\t\t\n\t\t>\n<div class=\"siteorigin-widget-tinymce textwidget\">\n\t<h2>The contents of Co-Spirit<\/h2>\n<ul>\n<li><strong>Taking stock<\/strong> of your current cooperative relationships and networking connections in your work environment. You learn to perceive yourself and become aware of your impact on others.<\/li>\n<li><strong>Making people aware<\/strong> of how neurological mechanisms create perceptive awareness and behavior in the individual, and how this leads to either energy-consuming conflicts or to effective cooperation.<\/li>\n<li><strong>Experiencing<\/strong> the principles of actions for successful cooperation-relations and translation into everyday life.<\/li>\n<li><strong>Practical translation<\/strong> and application of these principles, based on practical cases and case studies.\u00a0 You bring along the personal concerns for the team, and in return receive valuable impulses.<\/li>\n<\/ul>\n<\/div>\n<\/div><\/div><\/div><\/div><\/div><\/div><div class=\"panel-container \"><div id=\"pg-16915-2\"  class=\"panel-grid panel-no-style\" ><div id=\"pgc-16915-2-0\"  class=\"panel-grid-cell panel-grid-cell-mobile-last\" ><div id=\"panel-16915-2-0-0\" class=\"so-panel widget widget_media_image panel-first-child panel-last-child\" data-index=\"4\" ><img loading=\"lazy\" decoding=\"async\" width=\"1024\" height=\"494\" src=\"https:\/\/leadingx.huber-online.at\/wp-content\/uploads\/2016\/12\/IAK-Institut-f\u00fcr-Angewandte-Kreativit\u00e4t-Team-Innovation-Transformation-Workshop-Mission-Vision-Ziel-Trainer-Change-F\u00fchrung-iak.at_.-3-e1481931780141-1024x494.jpg\" class=\"image wp-image-8798  attachment-large size-large\" alt=\"iak-institut-fuer-angewandte-kreativitaet-team-innovation-transformation-workshop-mission-vision-ziel-trainer-change-fuehrung-iak-at-3\" style=\"max-width: 100%; height: auto;\" srcset=\"https:\/\/leadingx.huber-online.at\/wp-content\/uploads\/2016\/12\/IAK-Institut-f\u00fcr-Angewandte-Kreativit\u00e4t-Team-Innovation-Transformation-Workshop-Mission-Vision-Ziel-Trainer-Change-F\u00fchrung-iak.at_.-3-e1481931780141-1024x494.jpg 1024w, https:\/\/leadingx.huber-online.at\/wp-content\/uploads\/2016\/12\/IAK-Institut-f\u00fcr-Angewandte-Kreativit\u00e4t-Team-Innovation-Transformation-Workshop-Mission-Vision-Ziel-Trainer-Change-F\u00fchrung-iak.at_.-3-e1481931780141-300x145.jpg 300w, https:\/\/leadingx.huber-online.at\/wp-content\/uploads\/2016\/12\/IAK-Institut-f\u00fcr-Angewandte-Kreativit\u00e4t-Team-Innovation-Transformation-Workshop-Mission-Vision-Ziel-Trainer-Change-F\u00fchrung-iak.at_.-3-e1481931780141-768x370.jpg 768w, https:\/\/leadingx.huber-online.at\/wp-content\/uploads\/2016\/12\/IAK-Institut-f\u00fcr-Angewandte-Kreativit\u00e4t-Team-Innovation-Transformation-Workshop-Mission-Vision-Ziel-Trainer-Change-F\u00fchrung-iak.at_.-3-e1481931780141-500x241.jpg 500w, https:\/\/leadingx.huber-online.at\/wp-content\/uploads\/2016\/12\/IAK-Institut-f\u00fcr-Angewandte-Kreativit\u00e4t-Team-Innovation-Transformation-Workshop-Mission-Vision-Ziel-Trainer-Change-F\u00fchrung-iak.at_.-3-e1481931780141.jpg 1450w\" sizes=\"auto, (max-width: 1024px) 100vw, 1024px\" \/><\/div><\/div><div id=\"pgc-16915-2-1\"  class=\"panel-grid-cell panel-grid-cell-empty\" ><\/div><\/div><\/div><div class=\"panel-container \"><div id=\"pg-16915-3\"  class=\"panel-grid panel-no-style\" ><div id=\"pgc-16915-3-0\"  class=\"panel-grid-cell\" ><div id=\"panel-16915-3-0-0\" class=\"so-panel widget widget_sow-editor panel-first-child\" data-index=\"5\" ><div\n\t\t\t\n\t\t\tclass=\"so-widget-sow-editor so-widget-sow-editor-base\"\n\t\t\t\n\t\t>\n<div class=\"siteorigin-widget-tinymce textwidget\">\n\t<h3>Your benefits as a manager, project-manager or team-member.<\/h3>\n<ul>\n<li><strong>System-awareness:<\/strong> consciously perceiving and actively shaping human relationship networks and their principles of action.<\/li>\n<li><strong>Cooperation and seam-interfaces instead of departmental thinking and cut-interfaces:<\/strong> joint cross-departmental performance in the interests of the customer and the company.<\/li>\n<li><strong>Active action-energy instead of conflicts:<\/strong> the conscious cooperation-, and relations-management promote the performance and learning ability of the team.<\/li>\n<li><strong>Motivation instead of duty by the book:<\/strong> You experience what is necessary, so that everyone gets involved motivated, willing, and allowed to bring in their talents and contribution.<\/li>\n<li><strong>Effectiveness instead of loss of time and energy:<\/strong> You save time and energy in your daily collaboration because your relations are characterised by more openness, clarity and trust.<\/li>\n<li><strong>Self-control<\/strong>: teams that adapt flexibly and agile to changing challenges and realise goals.<\/li>\n<\/ul>\n<\/div>\n<\/div><\/div><div id=\"panel-16915-3-0-1\" class=\"so-panel widget widget_button panel-last-child\" data-index=\"6\" ><div\n\t\t\t\n\t\t\tclass=\"so-widget-button so-widget-button-default-d75171398898-16915\"\n\t\t\t\n\t\t><div class=\"button text-left\">\r\n\t<a href=\"https:\/\/leadingx.huber-online.at\/termine\/\" title=\"to book\" target=\"_self\" class=\"btn style-default\">\r\n\t\t<span>to book<\/span>\r\n\t<\/a>\r\n<\/div><\/div><\/div><\/div><\/div><\/div><div class=\"panel-container \"><div id=\"pg-16915-4\"  class=\"panel-grid panel-no-style\" ><div id=\"pgc-16915-4-0\"  class=\"panel-grid-cell\" ><div id=\"panel-16915-4-0-0\" class=\"so-panel widget widget_media_image panel-first-child panel-last-child\" data-index=\"7\" ><img loading=\"lazy\" decoding=\"async\" width=\"1024\" height=\"683\" src=\"https:\/\/leadingx.huber-online.at\/wp-content\/uploads\/2016\/12\/Besprechnung-Team-Teamentwicklung-Teambuilding-IAK-Institut-f\u00fcr-Angewandte-Kreativit\u00e4t-1024x683.jpg\" class=\"image wp-image-8427  attachment-large size-large\" alt=\"besprechnung-team-teamentwicklung-teambuilding-iak-institut-fuer-angewandte-kreativitaet\" style=\"max-width: 100%; height: auto;\" srcset=\"https:\/\/leadingx.huber-online.at\/wp-content\/uploads\/2016\/12\/Besprechnung-Team-Teamentwicklung-Teambuilding-IAK-Institut-f\u00fcr-Angewandte-Kreativit\u00e4t-1024x683.jpg 1024w, https:\/\/leadingx.huber-online.at\/wp-content\/uploads\/2016\/12\/Besprechnung-Team-Teamentwicklung-Teambuilding-IAK-Institut-f\u00fcr-Angewandte-Kreativit\u00e4t-300x200.jpg 300w, https:\/\/leadingx.huber-online.at\/wp-content\/uploads\/2016\/12\/Besprechnung-Team-Teamentwicklung-Teambuilding-IAK-Institut-f\u00fcr-Angewandte-Kreativit\u00e4t-768x512.jpg 768w, https:\/\/leadingx.huber-online.at\/wp-content\/uploads\/2016\/12\/Besprechnung-Team-Teamentwicklung-Teambuilding-IAK-Institut-f\u00fcr-Angewandte-Kreativit\u00e4t-500x333.jpg 500w, https:\/\/leadingx.huber-online.at\/wp-content\/uploads\/2016\/12\/Besprechnung-Team-Teamentwicklung-Teambuilding-IAK-Institut-f\u00fcr-Angewandte-Kreativit\u00e4t.jpg 1417w\" sizes=\"auto, (max-width: 1024px) 100vw, 1024px\" \/><\/div><\/div><div id=\"pgc-16915-4-1\"  class=\"panel-grid-cell\" ><div id=\"panel-16915-4-1-0\" class=\"so-panel widget widget_sow-editor panel-first-child panel-last-child\" data-index=\"8\" ><div\n\t\t\t\n\t\t\tclass=\"so-widget-sow-editor so-widget-sow-editor-base\"\n\t\t\t\n\t\t>\n<div class=\"siteorigin-widget-tinymce textwidget\">\n\t<h3>That's why you benefit.<\/h3>\n<p>With Xperience, we impart manageable principles and strategies, that are based on well-founded scientific knowledge of psychology and systems-theory, and have proven themselves in a variety of practical applications.\u00a0 We test and practice these approaches with you in this seminar, so that you can smoothly transfer them into the environment of your company.\u00a0 This initiates in-depth development-processes.<\/p>\n<p><strong>CoSpirit - cooperating effectively in a connected and complex world...<\/strong><\/p>\n<p><strong>...the boost for your relations-competence - within the business world and in other areas of life!<\/strong><\/p>\n<\/div>\n<\/div><\/div><\/div><\/div><\/div><div class=\"panel-container spacing-bottom \"><div id=\"pg-16915-5\"  class=\"panel-grid panel-has-style\" ><div class=\"spacing-bottom panel-row-style panel-row-style-for-16915-5\" ><div id=\"pgc-16915-5-0\"  class=\"panel-grid-cell\" ><div id=\"panel-16915-5-0-0\" class=\"so-panel widget widget_sow-editor panel-first-child panel-last-child\" data-index=\"9\" ><div\n\t\t\t\n\t\t\tclass=\"so-widget-sow-editor so-widget-sow-editor-base\"\n\t\t\t\n\t\t>\n<div class=\"siteorigin-widget-tinymce textwidget\">\n\t<p style=\"margin: 0in; margin-bottom: .0001pt; text-align: right; background: white;\" align=\"right\"><strong><span style=\"font-family: Arial; color: #212529;\">Are you running a company?<\/span><\/strong><span style=\"font-family: Arial; color: #212529;\"><br \/>\n<strong><span style=\"font-family: Arial;\">Are you leading a team?<\/span><\/strong><br \/>\n<strong><span style=\"font-family: Arial;\">Do you manage employees?<\/span><\/strong><br \/>\n<strong><span style=\"font-family: Arial;\">Do you have communications with customers?<\/span><\/strong><br \/>\n<strong><span style=\"font-family: Arial;\">Do you run projects?<\/span><\/strong><b><br \/>\n<strong><span style=\"font-family: Arial;\">Do you live your life with awareness?<\/span><\/strong><br \/>\n<\/b><strong><span style=\"font-family: Arial;\">Have a conversation with us!<\/span><\/strong><b><br \/>\n<strong><span style=\"font-family: Arial;\">... or secure your place in this seminar<\/span><\/strong><br \/>\n<strong><span style=\"font-family: Arial;\">and benefit from LeadingX &gt; Xperience creates Xcellence \u00a0(experience creates excellence)<\/span><\/strong><\/b><\/span><\/p>\n<p style=\"text-align: right;\"><strong>\u00a0<\/strong><\/p>\n<\/div>\n<\/div><\/div><\/div><div id=\"pgc-16915-5-1\"  class=\"panel-grid-cell\" ><div id=\"panel-16915-5-1-0\" class=\"so-panel widget widget_sow-editor panel-first-child\" data-index=\"10\" ><div\n\t\t\t\n\t\t\tclass=\"so-widget-sow-editor so-widget-sow-editor-base\"\n\t\t\t\n\t\t>\n<div class=\"siteorigin-widget-tinymce textwidget\">\n\t<p>Please check for available dates and make an appointment !<\/p>\n<\/div>\n<\/div><\/div><div id=\"panel-16915-5-1-1\" class=\"so-panel widget widget_button\" data-index=\"11\" ><div\n\t\t\t\n\t\t\tclass=\"so-widget-button so-widget-button-default-d75171398898-16915\"\n\t\t\t\n\t\t><div class=\"button text-left\">\r\n\t<a href=\"https:\/\/leadingx.huber-online.at\/termine\/\" title=\"more\" target=\"_self\" class=\"btn style-default\">\r\n\t\t<span>To make an appointment<\/span>\r\n\t<\/a>\r\n<\/div><\/div><\/div><div id=\"panel-16915-5-1-2\" class=\"so-panel widget widget_sow-editor panel-last-child\" data-index=\"12\" ><div\n\t\t\t\n\t\t\tclass=\"so-widget-sow-editor so-widget-sow-editor-base\"\n\t\t\t\n\t\t>\n<div class=\"siteorigin-widget-tinymce textwidget\">\n\t<p><span style=\"font-family: Arial; color: #212529;\">Or contact us and we'll discuss your individual in-house seminar, coaching or training-program with us, at the <\/span><strong><a href=\"https:\/\/www.leadingx.com\/en\/services\/xacademy\/\" target=\"_blank\" rel=\"noopener\">Xacademy<\/a><\/strong>.<\/p>\n<p style=\"margin: 0in; margin-bottom: .0001pt; background: white;\">\n<\/div>\n<\/div><\/div><\/div><\/div><\/div><\/div><\/div>","protected":false},"excerpt":{"rendered":"<p>&#8220;The only thing that will redeem mankind is cooperation.&#8221; (Bertrand Russel) The faster and more complex the world becomes, the more important is our cooperation &#8211; the CoSpirit! The summarised\u00a0 phenomenon of\u00a0 VUCA ( volatility, uncertainty, complexity, ambiguity) leads to\u00a0 processes and solutions having to be more flexible and connected, to a greater extent.\u00a0 Especially [&hellip;]<\/p>\n","protected":false},"author":3,"featured_media":0,"parent":16912,"menu_order":0,"comment_status":"closed","ping_status":"closed","template":"","meta":{"_acf_changed":false,"footnotes":""},"class_list":["post-16915","page","type-page","status-publish","hentry"],"acf":[],"yoast_head":"<!-- This site is optimized with the Yoast SEO plugin v27.1.1 - https:\/\/yoast.com\/product\/yoast-seo-wordpress\/ -->\n<title>CoSpirit - developing highly-performing teams<\/title>\n<meta name=\"description\" content=\"Cooperating effectively in a connected and complex world, and developing highly-performing teams. System-awareness, active action-energy, motivation ...\" \/>\n<meta name=\"robots\" content=\"index, follow, max-snippet:-1, max-image-preview:large, max-video-preview:-1\" \/>\n<link rel=\"canonical\" href=\"https:\/\/leadingx.huber-online.at\/en\/competences\/cooperation-team-sales\/cospirit\/\" \/>\n<meta property=\"og:locale\" content=\"en_US\" \/>\n<meta property=\"og:type\" content=\"article\" \/>\n<meta property=\"og:title\" content=\"CoSpirit - developing highly-performing teams\" \/>\n<meta property=\"og:description\" content=\"Cooperating effectively in a connected and complex world, and developing highly-performing teams. System-awareness, active action-energy, motivation ...\" \/>\n<meta property=\"og:url\" content=\"https:\/\/leadingx.huber-online.at\/en\/competences\/cooperation-team-sales\/cospirit\/\" \/>\n<meta property=\"og:site_name\" content=\"LeadingX\" \/>\n<meta property=\"article:publisher\" content=\"https:\/\/www.facebook.com\/LeadingX.Xperience.creates.Xcellence\/\" \/>\n<meta property=\"article:modified_time\" content=\"2020-06-02T13:02:20+00:00\" \/>\n<meta property=\"og:image\" content=\"https:\/\/leadingx.huber-online.at\/wp-content\/uploads\/2019\/12\/LeadingX-logo.png\" \/>\n\t<meta property=\"og:image:width\" content=\"1303\" \/>\n\t<meta property=\"og:image:height\" content=\"658\" \/>\n\t<meta property=\"og:image:type\" content=\"image\/png\" \/>\n<meta name=\"twitter:card\" content=\"summary_large_image\" \/>\n<meta name=\"twitter:label1\" content=\"Est. reading time\" \/>\n\t<meta name=\"twitter:data1\" content=\"3 minutes\" \/>\n<script type=\"application\/ld+json\" class=\"yoast-schema-graph\">{\"@context\":\"https:\/\/schema.org\",\"@graph\":[{\"@type\":\"WebPage\",\"@id\":\"https:\/\/leadingx.huber-online.at\/en\/competences\/cooperation-team-sales\/cospirit\/\",\"url\":\"https:\/\/leadingx.huber-online.at\/en\/competences\/cooperation-team-sales\/cospirit\/\",\"name\":\"CoSpirit - developing highly-performing teams\",\"isPartOf\":{\"@id\":\"https:\/\/leadingx.huber-online.at\/en\/#website\"},\"datePublished\":\"2019-12-17T09:54:39+00:00\",\"dateModified\":\"2020-06-02T13:02:20+00:00\",\"description\":\"Cooperating effectively in a connected and complex world, and developing highly-performing teams. System-awareness, active action-energy, motivation ...\",\"breadcrumb\":{\"@id\":\"https:\/\/leadingx.huber-online.at\/en\/competences\/cooperation-team-sales\/cospirit\/#breadcrumb\"},\"inLanguage\":\"en-US\",\"potentialAction\":[{\"@type\":\"ReadAction\",\"target\":[\"https:\/\/leadingx.huber-online.at\/en\/competences\/cooperation-team-sales\/cospirit\/\"]}]},{\"@type\":\"BreadcrumbList\",\"@id\":\"https:\/\/leadingx.huber-online.at\/en\/competences\/cooperation-team-sales\/cospirit\/#breadcrumb\",\"itemListElement\":[{\"@type\":\"ListItem\",\"position\":1,\"name\":\"Startseite\",\"item\":\"https:\/\/leadingx.huber-online.at\/en\/\"},{\"@type\":\"ListItem\",\"position\":2,\"name\":\"Comptences-Overview\",\"item\":\"https:\/\/leadingx.huber-online.at\/en\/kompetenzen\/\"},{\"@type\":\"ListItem\",\"position\":3,\"name\":\"Cooperation, Team &#038; Sales\",\"item\":\"https:\/\/leadingx.huber-online.at\/en\/kompetenzen\/kooperation-team-verkauf\/\"},{\"@type\":\"ListItem\",\"position\":4,\"name\":\"CoSpirit\"}]},{\"@type\":\"WebSite\",\"@id\":\"https:\/\/leadingx.huber-online.at\/en\/#website\",\"url\":\"https:\/\/leadingx.huber-online.at\/en\/\",\"name\":\"LeadingX\",\"description\":\"Xperience creates Xcellence\",\"publisher\":{\"@id\":\"https:\/\/leadingx.huber-online.at\/en\/#organization\"},\"potentialAction\":[{\"@type\":\"SearchAction\",\"target\":{\"@type\":\"EntryPoint\",\"urlTemplate\":\"https:\/\/leadingx.huber-online.at\/en\/?s={search_term_string}\"},\"query-input\":{\"@type\":\"PropertyValueSpecification\",\"valueRequired\":true,\"valueName\":\"search_term_string\"}}],\"inLanguage\":\"en-US\"},{\"@type\":\"Organization\",\"@id\":\"https:\/\/leadingx.huber-online.at\/en\/#organization\",\"name\":\"LeadingX\",\"url\":\"https:\/\/leadingx.huber-online.at\/en\/\",\"logo\":{\"@type\":\"ImageObject\",\"inLanguage\":\"en-US\",\"@id\":\"https:\/\/leadingx.huber-online.at\/en\/#\/schema\/logo\/image\/\",\"url\":\"https:\/\/leadingx.huber-online.at\/wp-content\/uploads\/2019\/12\/LeadingX-logo.png\",\"contentUrl\":\"https:\/\/leadingx.huber-online.at\/wp-content\/uploads\/2019\/12\/LeadingX-logo.png\",\"width\":1303,\"height\":658,\"caption\":\"LeadingX\"},\"image\":{\"@id\":\"https:\/\/leadingx.huber-online.at\/en\/#\/schema\/logo\/image\/\"},\"sameAs\":[\"https:\/\/www.facebook.com\/LeadingX.Xperience.creates.Xcellence\/\",\"https:\/\/www.linkedin.com\/in\/markusgruberleadingx\/\",\"https:\/\/www.youtube.com\/channel\/UCotB7KtvXuT665gWvdDJi5Q\"]}]}<\/script>\n<!-- \/ Yoast SEO plugin. -->","yoast_head_json":{"title":"CoSpirit - developing highly-performing teams","description":"Cooperating effectively in a connected and complex world, and developing highly-performing teams. System-awareness, active action-energy, motivation ...","robots":{"index":"index","follow":"follow","max-snippet":"max-snippet:-1","max-image-preview":"max-image-preview:large","max-video-preview":"max-video-preview:-1"},"canonical":"https:\/\/leadingx.huber-online.at\/en\/competences\/cooperation-team-sales\/cospirit\/","og_locale":"en_US","og_type":"article","og_title":"CoSpirit - developing highly-performing teams","og_description":"Cooperating effectively in a connected and complex world, and developing highly-performing teams. System-awareness, active action-energy, motivation ...","og_url":"https:\/\/leadingx.huber-online.at\/en\/competences\/cooperation-team-sales\/cospirit\/","og_site_name":"LeadingX","article_publisher":"https:\/\/www.facebook.com\/LeadingX.Xperience.creates.Xcellence\/","article_modified_time":"2020-06-02T13:02:20+00:00","og_image":[{"width":1303,"height":658,"url":"https:\/\/leadingx.huber-online.at\/wp-content\/uploads\/2019\/12\/LeadingX-logo.png","type":"image\/png"}],"twitter_card":"summary_large_image","twitter_misc":{"Est. reading time":"3 minutes"},"schema":{"@context":"https:\/\/schema.org","@graph":[{"@type":"WebPage","@id":"https:\/\/leadingx.huber-online.at\/en\/competences\/cooperation-team-sales\/cospirit\/","url":"https:\/\/leadingx.huber-online.at\/en\/competences\/cooperation-team-sales\/cospirit\/","name":"CoSpirit - developing highly-performing teams","isPartOf":{"@id":"https:\/\/leadingx.huber-online.at\/en\/#website"},"datePublished":"2019-12-17T09:54:39+00:00","dateModified":"2020-06-02T13:02:20+00:00","description":"Cooperating effectively in a connected and complex world, and developing highly-performing teams. System-awareness, active action-energy, motivation ...","breadcrumb":{"@id":"https:\/\/leadingx.huber-online.at\/en\/competences\/cooperation-team-sales\/cospirit\/#breadcrumb"},"inLanguage":"en-US","potentialAction":[{"@type":"ReadAction","target":["https:\/\/leadingx.huber-online.at\/en\/competences\/cooperation-team-sales\/cospirit\/"]}]},{"@type":"BreadcrumbList","@id":"https:\/\/leadingx.huber-online.at\/en\/competences\/cooperation-team-sales\/cospirit\/#breadcrumb","itemListElement":[{"@type":"ListItem","position":1,"name":"Startseite","item":"https:\/\/leadingx.huber-online.at\/en\/"},{"@type":"ListItem","position":2,"name":"Comptences-Overview","item":"https:\/\/leadingx.huber-online.at\/en\/kompetenzen\/"},{"@type":"ListItem","position":3,"name":"Cooperation, Team &#038; Sales","item":"https:\/\/leadingx.huber-online.at\/en\/kompetenzen\/kooperation-team-verkauf\/"},{"@type":"ListItem","position":4,"name":"CoSpirit"}]},{"@type":"WebSite","@id":"https:\/\/leadingx.huber-online.at\/en\/#website","url":"https:\/\/leadingx.huber-online.at\/en\/","name":"LeadingX","description":"Xperience creates Xcellence","publisher":{"@id":"https:\/\/leadingx.huber-online.at\/en\/#organization"},"potentialAction":[{"@type":"SearchAction","target":{"@type":"EntryPoint","urlTemplate":"https:\/\/leadingx.huber-online.at\/en\/?s={search_term_string}"},"query-input":{"@type":"PropertyValueSpecification","valueRequired":true,"valueName":"search_term_string"}}],"inLanguage":"en-US"},{"@type":"Organization","@id":"https:\/\/leadingx.huber-online.at\/en\/#organization","name":"LeadingX","url":"https:\/\/leadingx.huber-online.at\/en\/","logo":{"@type":"ImageObject","inLanguage":"en-US","@id":"https:\/\/leadingx.huber-online.at\/en\/#\/schema\/logo\/image\/","url":"https:\/\/leadingx.huber-online.at\/wp-content\/uploads\/2019\/12\/LeadingX-logo.png","contentUrl":"https:\/\/leadingx.huber-online.at\/wp-content\/uploads\/2019\/12\/LeadingX-logo.png","width":1303,"height":658,"caption":"LeadingX"},"image":{"@id":"https:\/\/leadingx.huber-online.at\/en\/#\/schema\/logo\/image\/"},"sameAs":["https:\/\/www.facebook.com\/LeadingX.Xperience.creates.Xcellence\/","https:\/\/www.linkedin.com\/in\/markusgruberleadingx\/","https:\/\/www.youtube.com\/channel\/UCotB7KtvXuT665gWvdDJi5Q"]}]}},"_links":{"self":[{"href":"https:\/\/leadingx.huber-online.at\/en\/wp-json\/wp\/v2\/pages\/16915","targetHints":{"allow":["GET"]}}],"collection":[{"href":"https:\/\/leadingx.huber-online.at\/en\/wp-json\/wp\/v2\/pages"}],"about":[{"href":"https:\/\/leadingx.huber-online.at\/en\/wp-json\/wp\/v2\/types\/page"}],"author":[{"embeddable":true,"href":"https:\/\/leadingx.huber-online.at\/en\/wp-json\/wp\/v2\/users\/3"}],"replies":[{"embeddable":true,"href":"https:\/\/leadingx.huber-online.at\/en\/wp-json\/wp\/v2\/comments?post=16915"}],"version-history":[{"count":35,"href":"https:\/\/leadingx.huber-online.at\/en\/wp-json\/wp\/v2\/pages\/16915\/revisions"}],"predecessor-version":[{"id":19744,"href":"https:\/\/leadingx.huber-online.at\/en\/wp-json\/wp\/v2\/pages\/16915\/revisions\/19744"}],"up":[{"embeddable":true,"href":"https:\/\/leadingx.huber-online.at\/en\/wp-json\/wp\/v2\/pages\/16912"}],"wp:attachment":[{"href":"https:\/\/leadingx.huber-online.at\/en\/wp-json\/wp\/v2\/media?parent=16915"}],"curies":[{"name":"wp","href":"https:\/\/api.w.org\/{rel}","templated":true}]}}