{"id":16977,"date":"2019-12-10T07:03:46","date_gmt":"2019-12-10T07:03:46","guid":{"rendered":"https:\/\/www.leadingx.com\/kunden-a-z\/"},"modified":"2020-05-24T10:20:49","modified_gmt":"2020-05-24T08:20:49","slug":"customers-a-z","status":"publish","type":"page","link":"https:\/\/leadingx.huber-online.at\/en\/customers-a-z\/","title":{"rendered":"Our customers (A &#8211; Z)"},"content":{"rendered":"<div id=\"pl-16977\"  class=\"panel-layout\" ><div class=\"panel-container \"><div id=\"pg-16977-0\"  class=\"panel-grid panel-no-style\" ><div id=\"pgc-16977-0-0\"  class=\"panel-grid-cell\" ><div id=\"panel-16977-0-0-0\" class=\"so-panel widget widget_headline-with-sub panel-first-child panel-last-child\" data-index=\"0\" ><div\n\t\t\t\n\t\t\tclass=\"so-widget-headline-with-sub so-widget-headline-with-sub-default-d75171398898-16977\"\n\t\t\t\n\t\t><div class=\"headline text-left\">\r\n\t<div class=\"title\">\r\n\t\t<h1>\r\n\t\t\tOur customers\t\t<\/h1>\r\n\t<\/div>\r\n\t<div class=\"sub\">\r\n\t\t<p>\r\n\t\t\t\t\t<\/p>\r\n\t<\/div>\r\n<\/div>\r\n<\/div><\/div><\/div><\/div><\/div><div class=\"panel-container \"><div id=\"pg-16977-1\"  class=\"panel-grid panel-no-style\" ><div id=\"pgc-16977-1-0\"  class=\"panel-grid-cell\" ><div id=\"panel-16977-1-0-0\" class=\"so-panel widget widget_sow-editor panel-first-child panel-last-child\" data-index=\"1\" ><div\n\t\t\t\n\t\t\tclass=\"so-widget-sow-editor so-widget-sow-editor-base\"\n\t\t\t\n\t\t>\n<div class=\"siteorigin-widget-tinymce textwidget\">\n\t<h2>A-Z<\/h2>\n<p><strong>A<\/strong>chleitner<br \/>\nActief Jobmade<br \/>\nAdler Lacke<br \/>\nAirbus<br \/>\nAL-KO Kober<br \/>\nAmmerhauser<br \/>\nAPL<br \/>\nAqua Dome<br \/>\nAST<br \/>\nAT&amp;S<br \/>\nAvvio<br \/>\n<strong>B<\/strong>ayer<br \/>\nBayer CorpScience<br \/>\nBeiersdorf<br \/>\nBesi<br \/>\nBesko<br \/>\nBergbahnen Kitzb\u00fchel<br \/>\nBergbahnen Mayrhofen<br \/>\nBerger Fahrzeugtechnik<br \/>\nBernard<br \/>\nBMW<br \/>\nBohr Schleifmittel<br \/>\nBristol Mayers<br \/>\nBr\u00fcndl Sports<br \/>\nBTV Bank f\u00fcr Tirol u. Vorarlberg<br \/>\nBurkhard<br \/>\nBurton<br \/>\nBWI Lichtenstein<br \/>\n<strong>C<\/strong>ineTirol<br \/>\nContec<br \/>\nCNT<br \/>\n<strong>D<\/strong>aimler<br \/>\nDatacom<br \/>\nDelfin<br \/>\nDelfortgroup<br \/>\nDemaclenko<br \/>\nDemmeler<br \/>\nDo&amp;Co<br \/>\nDornier<br \/>\nDurisol<br \/>\n<strong>E<\/strong>bewe Pharma<br \/>\nEisb\u00e4r Sportmoden<br \/>\nEmpl Fahrzeugwerk<br \/>\nEnergie West<br \/>\n<strong>F<\/strong>amilotel<br \/>\nFCT Trading<br \/>\nFelder Group<br \/>\nFiegl und Spielberger<br \/>\nFricopan<br \/>\n<strong>G<\/strong>E<br \/>\nGepardec<br \/>\nGeberit<br \/>\nGenerali<br \/>\nGoldhofer<br \/>\n<strong>H<\/strong>aucke &amp; Aufh\u00e4user<br \/>\nHeise Medien<br \/>\nHofer Tischlerei<br \/>\nHollu<br \/>\nHorvath Parnter<br \/>\nHotel Ammerhauser<br \/>\nHotel Seetal<br \/>\nHuber Group<br \/>\n<strong>I<\/strong>DM<br \/>\nIdealtours<br \/>\nInnsbruck Tourismus<br \/>\nInvest AG<br \/>\nIsta<br \/>\nIVT Rohr<br \/>\n<strong>J<\/strong>obmade<br \/>\nJobmeister<br \/>\nJ\u00fcnger Steuerberater<br \/>\nJuvena<br \/>\n<strong>K<\/strong>ahlbacher<br \/>\nKitzwerk<br \/>\nKraft Foods<br \/>\nKufGem<br \/>\nKurz Projekte<br \/>\n<strong>L<\/strong>a Prairie Group<br \/>\nLCS<br \/>\nLeitner<br \/>\nLiebherr<br \/>\nLifta<br \/>\nLSH<br \/>\n<strong>M<\/strong>aquet<br \/>\nMaschinenring<br \/>\nMatt Druck<br \/>\nMaurer &amp; Walln\u00f6fer<br \/>\nMcDonalds<br \/>\nMCI Management Center Innsbruck<br \/>\nMedin<br \/>\nMercedes<br \/>\nMetzler<br \/>\nMeusburger<br \/>\nMHM Holding<br \/>\nM\u00f6bel Wetscher<br \/>\nMoore Stephens<br \/>\nMoreau Sport Mode<br \/>\nM-U-T<br \/>\n<strong>N<\/strong>eudorfer<br \/>\nNotariat Platter<br \/>\nNovartis<br \/>\nNovo Nordisk Pharma<br \/>\n<strong>O<\/strong>berbank<br \/>\nOber Tischlerei<br \/>\nOber\u00f6sterreichische Nachrichten<br \/>\n\u00d6BB<br \/>\nOnjob<br \/>\nOro Vivo<br \/>\n<strong>P<\/strong>feifer<br \/>\nPlansee<br \/>\nPhysiotherm<br \/>\nPrinoth<br \/>\nProjekta<br \/>\n<strong>Q<\/strong>ualityaustria<br \/>\n<strong>R<\/strong>aiffeisenbank<br \/>\nRed Bull Mediahouse<br \/>\nRemstalkellerei<br \/>\nReutte Holding<br \/>\nREWE<br \/>\nRieder KG<br \/>\nRoche Pharma<br \/>\nRoto<br \/>\n<strong>S<\/strong>anatorium Kettenbr\u00fccke<br \/>\nSandoz<br \/>\nSAV<br \/>\nSchopf<br \/>\nShell Direct<br \/>\nSiko<br \/>\nskinfit<br \/>\nSpar<br \/>\nSparkasse<br \/>\nSpiegltec<br \/>\nSportfive<br \/>\nSport Stock<br \/>\nStadtwerke Kufstein<br \/>\nStadtwerke Schwaz<br \/>\nStadtwerke W\u00f6rgl<br \/>\nStage Entertainment<br \/>\nStangl Reinigung<br \/>\nStock Resort<br \/>\nSwarco<br \/>\nSwarovski<br \/>\nSwarovski Kristallwelten<br \/>\nSyncraft<br \/>\n<strong>T<\/strong>chibo<br \/>\nTeekanne<br \/>\nTechniker Krankenkasse<br \/>\nTexaid<br \/>\nTerna<br \/>\nTilak<br \/>\nTiroler Glash\u00fctte<br \/>\nTirol Werbung<br \/>\nTiroler Zukunftsstiftung<br \/>\nTirolia<br \/>\nTopwork<br \/>\nTRM<br \/>\nTourismus Innsbruck<br \/>\nTVB Kitzb\u00fcheler Alpen St. Johann<br \/>\nTVB Zell am See-Kaprun<br \/>\nTyrol Equity<br \/>\nTyrolit<br \/>\n<strong>U<\/strong>MR<br \/>\nUnterlercher<br \/>\n<strong>V<\/strong>amed<br \/>\nVenneker<br \/>\nVerival<br \/>\nViking<br \/>\nVoestalpine<br \/>\nVskE<br \/>\n<strong>W<\/strong>asserwelt W\u00f6rgl<br \/>\nWD world direct<br \/>\nWeidm\u00fcller<br \/>\nWerberaum<br \/>\nWifi<br \/>\nWipa-Personal<br \/>\nWirtschaftskammer Tirol<br \/>\nWohntex<br \/>\nWo&amp;Wo<br \/>\nW\u00fcrth<br \/>\nWurzer Nagel ZT<br \/>\n<strong>Z<\/strong>eppelin<br \/>\nZima<\/p>\n<\/div>\n<\/div><\/div><\/div><div id=\"pgc-16977-1-1\"  class=\"panel-grid-cell\" ><div id=\"panel-16977-1-1-0\" class=\"so-panel widget widget_sow-editor panel-first-child panel-last-child\" data-index=\"2\" ><div\n\t\t\t\n\t\t\tclass=\"so-widget-sow-editor so-widget-sow-editor-base\"\n\t\t\t\n\t\t>\n<div class=\"siteorigin-widget-tinymce textwidget\">\n\t<h2>Industry sectors<\/h2>\n<h3>Trade<\/h3>\n<p>Avvio<br \/>\nBeiersdorf<br \/>\nBesko<br \/>\nBohr Schleifmittel<br \/>\nBr\u00fcndl Sports<br \/>\nBurton<br \/>\nDelfin<br \/>\nEisb\u00e4r Sportmoden<br \/>\nEnergie West<br \/>\nFelder Group<br \/>\nFricopan<br \/>\nGeberit<br \/>\nHollu<br \/>\nIVT Rohr<br \/>\nKufGem<br \/>\nLa Prairie Group<br \/>\nLifta<br \/>\nLSH<br \/>\nMaquet<br \/>\nMetzler<br \/>\nMeusburger<br \/>\nMilford Tee<br \/>\nM\u00f6bel Wetscher<br \/>\nMoreau Sport Mode<br \/>\nOro Vivo<br \/>\nPfeifer<br \/>\nREWE<br \/>\nPhysiotherm<br \/>\nProjekta<br \/>\nRemstalkellerei<br \/>\nRoto<br \/>\nShell Direct<br \/>\nSiko<br \/>\nskinfit<br \/>\nSpar<br \/>\nSport Stock<br \/>\nStage Entertainment<br \/>\nStangl Reinigung<br \/>\nTchibo<br \/>\nTyrol Equity<br \/>\nUnterlercher<br \/>\nVenneker<br \/>\nWeidm\u00fcller<br \/>\nWohntex<br \/>\nWo&amp;Wo<br \/>\nWorld Direct<br \/>\nW\u00fcrth \u00d6sterreich<br \/>\nW\u00fcrth KG Deutschland<br \/>\nW\u00fcrth Schweiz<br \/>\nW\u00fcrth International<br \/>\nZeppelin<br \/>\nZima<\/p>\n<h3>Industry<\/h3>\n<p>Achleitner<br \/>\nAdler Lacke<br \/>\nAirbus<br \/>\nAL-KO Kober<br \/>\nAT&amp;S<br \/>\nAugust Storck<br \/>\nBayer<br \/>\nBesi<br \/>\nBMW<br \/>\nBristol Mayers<br \/>\nBrose<br \/>\nDatacom<br \/>\nDelfortgroup<br \/>\nDemaclenko<br \/>\nEbewe Pharma<br \/>\nEmpl Fahrzeugwerk<br \/>\nFelder Group<br \/>\nGeberit<br \/>\nGoldhofer<br \/>\nHuber Group<br \/>\nInvest AG<br \/>\nKraft Foods<br \/>\nLeitner<br \/>\nLiebherr<br \/>\nLSH<br \/>\nMercedes<br \/>\nMeusburger<br \/>\nMHM Holding<br \/>\nNeudorfer<br \/>\nNovartis<br \/>\nNovo Nordisk<br \/>\nPfeifer<br \/>\nPlansee<br \/>\nPrinoth<br \/>\nRoche Pharma<br \/>\nRoto<br \/>\nRubner<br \/>\nSandoz<br \/>\nSAV<br \/>\nShell<br \/>\nStorck<br \/>\nSwarovski<br \/>\nTunap<br \/>\nTyrolit<br \/>\nVerival<br \/>\nViking<br \/>\nVoestalpine<br \/>\nZimmer<\/p>\n<h3>Trade and Craft<\/h3>\n<p>Achleitner<br \/>\nAPL<br \/>\nAST<br \/>\nBurkhard<br \/>\nBohr Schleifmittel<br \/>\nContec<br \/>\nDurisol<br \/>\nEmpl Fahrzeugwerk<br \/>\nFamilotel<br \/>\nFiegl und Spielberger<br \/>\nGrimm Wohnen<br \/>\nHofer Tischlerei<br \/>\nIDM<br \/>\nKahlbacher<br \/>\nKitzwerk<br \/>\nKurz Projekte<br \/>\nLCS<br \/>\nMatt Druck<br \/>\nMaurer &amp; Walln\u00f6fer<br \/>\nM\u00f6bel Wetscher<br \/>\nM-U-T<br \/>\nNeudorfer<br \/>\nOber Tischlerei<br \/>\nPhysiotherm<br \/>\nReinalter<br \/>\nReutte Holding<br \/>\nRieder KG<br \/>\nRoto<br \/>\nRubner<br \/>\nSchopf<br \/>\nSchweighofer<br \/>\nSiko<br \/>\nSyncraft<br \/>\nTiroler Glash\u00fctte<br \/>\nViking<br \/>\nWaltl Montagen<br \/>\nWiedner<br \/>\nWimbach Bau<br \/>\nWo&amp;Wo<br \/>\nZima<\/p>\n<h3>Tourism, Leisure-industry and Media<\/h3>\n<p>Ammerhauser Hotel<br \/>\nApart Roubin<br \/>\nAqua Dome<br \/>\nBasefive<br \/>\nBergbahnen Mayrhofen<br \/>\nBreila Hotel<br \/>\nDornier<br \/>\nGamper Hotel<br \/>\nFamilotel<br \/>\nIdealstours<br \/>\nMcDonalds<br \/>\nNews-Verlag<br \/>\nRed Bull Mediahouse<br \/>\nSeetal Hotel<br \/>\nSportfive<br \/>\nStage Entertainment<br \/>\nStock Resort<br \/>\nSwarovski Kristallwelten<br \/>\nTirol Werbung<br \/>\nTourismus Innsbruck<br \/>\nTVB Kitzb\u00fcheler Alpen St. Johann<br \/>\nTVB Zell am See-Kaprun<br \/>\nVamed<br \/>\nWasserwelt W\u00f6rgl<br \/>\nWedelh\u00fctte<\/p>\n<h3>Information, services, consulting and education<\/h3>\n<p>Actief Jobmade<br \/>\nBernard<br \/>\nBWI Lichtenstein<br \/>\nCHG Rechtsanw\u00e4lte<br \/>\nCNT<br \/>\nCineTirol<br \/>\nGeoVille<br \/>\nGepardec<br \/>\nHanel Ingenieure<br \/>\nHeise Medien<br \/>\nHorvath &amp; Parnter<br \/>\nJobmeister<br \/>\nJ\u00fcnger Steuerberater<br \/>\nKlixpert<br \/>\nKufGem<br \/>\nMCI Management Center Innsbruck<br \/>\nMaschinenring<br \/>\nMoore Stephens<br \/>\nNotariat Platter<br \/>\nOber\u00f6sterreichische Nachrichten<br \/>\nOnjob<br \/>\nQualityaustria<br \/>\nSEK Poettler<br \/>\nSpiegltec<br \/>\nTechniker Krankenkasse<br \/>\nTerna<br \/>\nTexaid<br \/>\nTilak<br \/>\nTirol Werbung<br \/>\nTiroler Zukunftsstiftung<br \/>\nTopwork<br \/>\nTyrol Equity<br \/>\nUMR<br \/>\nVamed<br \/>\nVskE<br \/>\nWagner Consult<br \/>\nWD world direct<br \/>\nWerberaum<br \/>\nWifi<br \/>\nWipa-Media<br \/>\nWipa-Personal<br \/>\nWurzer Nage<\/p>\n<h3>Banks and Insurances<\/h3>\n<p>BTV Bank f\u00fcr Tirol u. Vorarlberg<br \/>\nGE Moneybank<br \/>\nGenerali<br \/>\nHaucke &amp; Aufh\u00e4user<br \/>\nInvest AG<br \/>\nOberbank<br \/>\nRaiffeisen<br \/>\nSparkasse<br \/>\nTiroler Versicherung<\/p>\n<h3>Transport and Traffic Industries<\/h3>\n<p>Belair<br \/>\nBergbahnen Kitzb\u00fchel<br \/>\nBergbahnen Mayrhofen<br \/>\nBerger Fahrzeugtechnik<br \/>\nM-U-T<br \/>\n\u00d6BB<br \/>\nSpontex<br \/>\nTirolia<br \/>\nTroppmair<\/p>\n<h3>Public Sector<\/h3>\n<p>CineTirol<br \/>\nKufGem<br \/>\nReutte Holding<br \/>\nSanatorium Kettenbr\u00fccke<br \/>\nStadtwerke Kufstein<br \/>\nStadtwerke Schwaz<br \/>\nStadtwerke W\u00f6rgl<br \/>\nTK Techniker Krankenkasse<br \/>\nTexaid<br \/>\nTilak<br \/>\nTirol Werbung<br \/>\nTiroler Zukunftsstiftung<br \/>\nWifi<\/p>\n<\/div>\n<\/div><\/div><\/div><\/div><\/div><\/div>","protected":false},"excerpt":{"rendered":"<p>A-Z Achleitner Actief Jobmade Adler Lacke Airbus AL-KO Kober Ammerhauser APL Aqua Dome AST AT&amp;S Avvio Bayer Bayer CorpScience Beiersdorf Besi Besko Bergbahnen Kitzb\u00fchel Bergbahnen Mayrhofen Berger Fahrzeugtechnik Bernard BMW Bohr Schleifmittel Bristol Mayers Br\u00fcndl Sports BTV Bank f\u00fcr Tirol u. Vorarlberg Burkhard Burton BWI Lichtenstein CineTirol Contec CNT Daimler Datacom Delfin Delfortgroup Demaclenko Demmeler [&hellip;]<\/p>\n","protected":false},"author":2,"featured_media":0,"parent":0,"menu_order":0,"comment_status":"closed","ping_status":"closed","template":"","meta":{"_acf_changed":false,"footnotes":""},"class_list":["post-16977","page","type-page","status-publish","hentry"],"acf":[],"yoast_head":"<!-- This site is optimized with the Yoast SEO plugin v27.1.1 - https:\/\/yoast.com\/product\/yoast-seo-wordpress\/ -->\n<title>Our customers (A - Z)<\/title>\n<meta name=\"description\" content=\"Security and trust throuhg thousends of seminars, trainings, coachings and workshops. Convince yourself of the services of LeadingX ...\" \/>\n<meta name=\"robots\" content=\"index, follow, max-snippet:-1, max-image-preview:large, max-video-preview:-1\" \/>\n<link rel=\"canonical\" href=\"https:\/\/leadingx.huber-online.at\/en\/customers-a-z\/\" \/>\n<meta property=\"og:locale\" content=\"en_US\" \/>\n<meta property=\"og:type\" content=\"article\" \/>\n<meta property=\"og:title\" content=\"Our customers (A - Z)\" \/>\n<meta property=\"og:description\" content=\"Security and trust throuhg thousends of seminars, trainings, coachings and workshops. Convince yourself of the services of LeadingX ...\" \/>\n<meta property=\"og:url\" content=\"https:\/\/leadingx.huber-online.at\/en\/customers-a-z\/\" \/>\n<meta property=\"og:site_name\" content=\"LeadingX\" \/>\n<meta property=\"article:publisher\" content=\"https:\/\/www.facebook.com\/LeadingX.Xperience.creates.Xcellence\/\" \/>\n<meta property=\"article:modified_time\" content=\"2020-05-24T08:20:49+00:00\" \/>\n<meta property=\"og:image\" content=\"https:\/\/leadingx.huber-online.at\/wp-content\/uploads\/2019\/12\/LeadingX-logo.png\" \/>\n\t<meta property=\"og:image:width\" content=\"1303\" \/>\n\t<meta property=\"og:image:height\" content=\"658\" \/>\n\t<meta property=\"og:image:type\" content=\"image\/png\" \/>\n<meta name=\"twitter:card\" content=\"summary_large_image\" \/>\n<meta name=\"twitter:label1\" content=\"Est. reading time\" \/>\n\t<meta name=\"twitter:data1\" content=\"4 minutes\" \/>\n<script type=\"application\/ld+json\" class=\"yoast-schema-graph\">{\"@context\":\"https:\/\/schema.org\",\"@graph\":[{\"@type\":\"WebPage\",\"@id\":\"https:\/\/leadingx.huber-online.at\/en\/customers-a-z\/\",\"url\":\"https:\/\/leadingx.huber-online.at\/en\/customers-a-z\/\",\"name\":\"Our customers (A - Z)\",\"isPartOf\":{\"@id\":\"https:\/\/leadingx.huber-online.at\/en\/#website\"},\"datePublished\":\"2019-12-10T07:03:46+00:00\",\"dateModified\":\"2020-05-24T08:20:49+00:00\",\"description\":\"Security and trust throuhg thousends of seminars, trainings, coachings and workshops. Convince yourself of the services of LeadingX ...\",\"breadcrumb\":{\"@id\":\"https:\/\/leadingx.huber-online.at\/en\/customers-a-z\/#breadcrumb\"},\"inLanguage\":\"en-US\",\"potentialAction\":[{\"@type\":\"ReadAction\",\"target\":[\"https:\/\/leadingx.huber-online.at\/en\/customers-a-z\/\"]}]},{\"@type\":\"BreadcrumbList\",\"@id\":\"https:\/\/leadingx.huber-online.at\/en\/customers-a-z\/#breadcrumb\",\"itemListElement\":[{\"@type\":\"ListItem\",\"position\":1,\"name\":\"Startseite\",\"item\":\"https:\/\/leadingx.huber-online.at\/en\/\"},{\"@type\":\"ListItem\",\"position\":2,\"name\":\"Our customers (A &#8211; Z)\"}]},{\"@type\":\"WebSite\",\"@id\":\"https:\/\/leadingx.huber-online.at\/en\/#website\",\"url\":\"https:\/\/leadingx.huber-online.at\/en\/\",\"name\":\"LeadingX\",\"description\":\"Xperience creates Xcellence\",\"publisher\":{\"@id\":\"https:\/\/leadingx.huber-online.at\/en\/#organization\"},\"potentialAction\":[{\"@type\":\"SearchAction\",\"target\":{\"@type\":\"EntryPoint\",\"urlTemplate\":\"https:\/\/leadingx.huber-online.at\/en\/?s={search_term_string}\"},\"query-input\":{\"@type\":\"PropertyValueSpecification\",\"valueRequired\":true,\"valueName\":\"search_term_string\"}}],\"inLanguage\":\"en-US\"},{\"@type\":\"Organization\",\"@id\":\"https:\/\/leadingx.huber-online.at\/en\/#organization\",\"name\":\"LeadingX\",\"url\":\"https:\/\/leadingx.huber-online.at\/en\/\",\"logo\":{\"@type\":\"ImageObject\",\"inLanguage\":\"en-US\",\"@id\":\"https:\/\/leadingx.huber-online.at\/en\/#\/schema\/logo\/image\/\",\"url\":\"https:\/\/leadingx.huber-online.at\/wp-content\/uploads\/2019\/12\/LeadingX-logo.png\",\"contentUrl\":\"https:\/\/leadingx.huber-online.at\/wp-content\/uploads\/2019\/12\/LeadingX-logo.png\",\"width\":1303,\"height\":658,\"caption\":\"LeadingX\"},\"image\":{\"@id\":\"https:\/\/leadingx.huber-online.at\/en\/#\/schema\/logo\/image\/\"},\"sameAs\":[\"https:\/\/www.facebook.com\/LeadingX.Xperience.creates.Xcellence\/\",\"https:\/\/www.linkedin.com\/in\/markusgruberleadingx\/\",\"https:\/\/www.youtube.com\/channel\/UCotB7KtvXuT665gWvdDJi5Q\"]}]}<\/script>\n<!-- \/ Yoast SEO plugin. -->","yoast_head_json":{"title":"Our customers (A - Z)","description":"Security and trust throuhg thousends of seminars, trainings, coachings and workshops. Convince yourself of the services of LeadingX ...","robots":{"index":"index","follow":"follow","max-snippet":"max-snippet:-1","max-image-preview":"max-image-preview:large","max-video-preview":"max-video-preview:-1"},"canonical":"https:\/\/leadingx.huber-online.at\/en\/customers-a-z\/","og_locale":"en_US","og_type":"article","og_title":"Our customers (A - Z)","og_description":"Security and trust throuhg thousends of seminars, trainings, coachings and workshops. Convince yourself of the services of LeadingX ...","og_url":"https:\/\/leadingx.huber-online.at\/en\/customers-a-z\/","og_site_name":"LeadingX","article_publisher":"https:\/\/www.facebook.com\/LeadingX.Xperience.creates.Xcellence\/","article_modified_time":"2020-05-24T08:20:49+00:00","og_image":[{"width":1303,"height":658,"url":"https:\/\/leadingx.huber-online.at\/wp-content\/uploads\/2019\/12\/LeadingX-logo.png","type":"image\/png"}],"twitter_card":"summary_large_image","twitter_misc":{"Est. reading time":"4 minutes"},"schema":{"@context":"https:\/\/schema.org","@graph":[{"@type":"WebPage","@id":"https:\/\/leadingx.huber-online.at\/en\/customers-a-z\/","url":"https:\/\/leadingx.huber-online.at\/en\/customers-a-z\/","name":"Our customers (A - Z)","isPartOf":{"@id":"https:\/\/leadingx.huber-online.at\/en\/#website"},"datePublished":"2019-12-10T07:03:46+00:00","dateModified":"2020-05-24T08:20:49+00:00","description":"Security and trust throuhg thousends of seminars, trainings, coachings and workshops. Convince yourself of the services of LeadingX ...","breadcrumb":{"@id":"https:\/\/leadingx.huber-online.at\/en\/customers-a-z\/#breadcrumb"},"inLanguage":"en-US","potentialAction":[{"@type":"ReadAction","target":["https:\/\/leadingx.huber-online.at\/en\/customers-a-z\/"]}]},{"@type":"BreadcrumbList","@id":"https:\/\/leadingx.huber-online.at\/en\/customers-a-z\/#breadcrumb","itemListElement":[{"@type":"ListItem","position":1,"name":"Startseite","item":"https:\/\/leadingx.huber-online.at\/en\/"},{"@type":"ListItem","position":2,"name":"Our customers (A &#8211; Z)"}]},{"@type":"WebSite","@id":"https:\/\/leadingx.huber-online.at\/en\/#website","url":"https:\/\/leadingx.huber-online.at\/en\/","name":"LeadingX","description":"Xperience creates Xcellence","publisher":{"@id":"https:\/\/leadingx.huber-online.at\/en\/#organization"},"potentialAction":[{"@type":"SearchAction","target":{"@type":"EntryPoint","urlTemplate":"https:\/\/leadingx.huber-online.at\/en\/?s={search_term_string}"},"query-input":{"@type":"PropertyValueSpecification","valueRequired":true,"valueName":"search_term_string"}}],"inLanguage":"en-US"},{"@type":"Organization","@id":"https:\/\/leadingx.huber-online.at\/en\/#organization","name":"LeadingX","url":"https:\/\/leadingx.huber-online.at\/en\/","logo":{"@type":"ImageObject","inLanguage":"en-US","@id":"https:\/\/leadingx.huber-online.at\/en\/#\/schema\/logo\/image\/","url":"https:\/\/leadingx.huber-online.at\/wp-content\/uploads\/2019\/12\/LeadingX-logo.png","contentUrl":"https:\/\/leadingx.huber-online.at\/wp-content\/uploads\/2019\/12\/LeadingX-logo.png","width":1303,"height":658,"caption":"LeadingX"},"image":{"@id":"https:\/\/leadingx.huber-online.at\/en\/#\/schema\/logo\/image\/"},"sameAs":["https:\/\/www.facebook.com\/LeadingX.Xperience.creates.Xcellence\/","https:\/\/www.linkedin.com\/in\/markusgruberleadingx\/","https:\/\/www.youtube.com\/channel\/UCotB7KtvXuT665gWvdDJi5Q"]}]}},"_links":{"self":[{"href":"https:\/\/leadingx.huber-online.at\/en\/wp-json\/wp\/v2\/pages\/16977","targetHints":{"allow":["GET"]}}],"collection":[{"href":"https:\/\/leadingx.huber-online.at\/en\/wp-json\/wp\/v2\/pages"}],"about":[{"href":"https:\/\/leadingx.huber-online.at\/en\/wp-json\/wp\/v2\/types\/page"}],"author":[{"embeddable":true,"href":"https:\/\/leadingx.huber-online.at\/en\/wp-json\/wp\/v2\/users\/2"}],"replies":[{"embeddable":true,"href":"https:\/\/leadingx.huber-online.at\/en\/wp-json\/wp\/v2\/comments?post=16977"}],"version-history":[{"count":20,"href":"https:\/\/leadingx.huber-online.at\/en\/wp-json\/wp\/v2\/pages\/16977\/revisions"}],"predecessor-version":[{"id":19391,"href":"https:\/\/leadingx.huber-online.at\/en\/wp-json\/wp\/v2\/pages\/16977\/revisions\/19391"}],"wp:attachment":[{"href":"https:\/\/leadingx.huber-online.at\/en\/wp-json\/wp\/v2\/media?parent=16977"}],"curies":[{"name":"wp","href":"https:\/\/api.w.org\/{rel}","templated":true}]}}