{"id":17001,"date":"2019-12-22T17:34:28","date_gmt":"2019-12-22T17:34:28","guid":{"rendered":"https:\/\/www.leadingx.com\/uwe-poelzl\/"},"modified":"2020-06-02T14:38:00","modified_gmt":"2020-06-02T12:38:00","slug":"uwe-poelzl","status":"publish","type":"page","link":"https:\/\/leadingx.huber-online.at\/en\/team-of-x-experts\/uwe-poelzl\/","title":{"rendered":"Uwe P\u00f6lzl"},"content":{"rendered":"<div id=\"pl-17001\"  class=\"panel-layout\" ><div class=\"panel-container \"><div id=\"pg-17001-0\"  class=\"panel-grid panel-no-style\" ><div id=\"pgc-17001-0-0\"  class=\"panel-grid-cell\" ><div id=\"panel-17001-0-0-0\" class=\"so-panel widget widget_headline-with-sub panel-first-child\" data-index=\"0\" ><div\n\t\t\t\n\t\t\tclass=\"so-widget-headline-with-sub so-widget-headline-with-sub-default-d75171398898-17001\"\n\t\t\t\n\t\t><div class=\"headline text-left\">\r\n\t<div class=\"title\">\r\n\t\t<h1>\r\n\t\t\tDI DR UWE P\u00d6LZL\t\t<\/h1>\r\n\t<\/div>\r\n\t<div class=\"sub\">\r\n\t\t<p>\r\n\t\t\tTrainer \u00b7 Speaker \u00b7 Lecturer FH \u00b7 Moderator\t\t<\/p>\r\n\t<\/div>\r\n<\/div>\r\n<\/div><\/div><div id=\"panel-17001-0-0-1\" class=\"widget_text so-panel widget widget_custom_html\" data-index=\"1\" ><div class=\"textwidget custom-html-widget\"><ul class=\"socials\">\n\t<li>\n\t\t<a href=\"mailto:uwe.poelzl@leadingx.com\"><i class=\"fas fa-envelope\"><\/i>\n\t\t<\/a>\n\t<\/li>\n\t<li>\n\t\t<a target=\"_blank\" href=\"https:\/\/www.facebook.com\/LeadingX.Xperience.creates.Xcellence\"><i class=\"fab fa-facebook-f\"><\/i>\n\t\t<\/a>\n\t<\/li>\n\t<li>\n\t\t<a target=\"_blank\" href=\"https:\/\/www.youtube.com\/channel\/UCotB7KtvXuT665gWvdDJi5Q\"><i class=\"fab fa-youtube\"><\/i>\n\t\t<\/a>\n\t<\/li>\n\t<li>\n\t\t<a target=\"_blank\" href=\"https:\/\/www.linkedin.com\/in\/markusgruberleadingx\"><i class=\"fab fa-linkedin\"><\/i>\n\t\t<\/a>\n\t<\/li>\n\t<li>\n\t\t<a target=\"_blank\" href=\"https:\/\/www.xing.com\/companies\/leadingx-xperiencecreatesxcellence\"><i class=\"fab fa-dribbble\"><\/i>\n\t\t<\/a>\n\t<\/li>\n<\/ul><\/div><\/div><div id=\"panel-17001-0-0-2\" class=\"so-panel widget widget_sow-editor panel-last-child\" data-index=\"2\" ><div\n\t\t\t\n\t\t\tclass=\"so-widget-sow-editor so-widget-sow-editor-base\"\n\t\t\t\n\t\t>\n<div class=\"siteorigin-widget-tinymce textwidget\">\n\t<p><strong>Education<\/strong><\/p>\n<p>Studied mechanical engineering (TU Graz), doctorate<br \/>\nNumerous seminars, trainings on various topics<br \/>\n20 years of practice<\/p>\n<p>&nbsp;<\/p>\n<p><strong>Professional experience<\/strong><\/p>\n<p>University-assistant at the University of Technology in Graz<br \/>\nLecturer at the Graz - University of Technology, Vienna - University of Economics and Business<br \/>\nResponsible for quality and the environment, in a global engineering-company (Jenbacher)<br \/>\nElite-staff member in the technical management of Swarovski, Wattens<br \/>\nLead-auditor for management-systems in a leading certification-company (Quality Austria)<br \/>\nSince 2005 freelance trainer, consultant, auditor, lecturer FH<\/p>\n<p>&nbsp;<\/p>\n<p><strong>My theme<\/strong><\/p>\n<p>Whoever believes to be someone, has stopped aiming to become someone.<\/p>\n<p>&nbsp;<\/p>\n<p><strong>My priorities<\/strong><\/p>\n<p>Co-innovation &amp; change: acting agile, fit for change and innovation<br \/>\nLeadership: X10<br \/>\nIndividual-innovation: cleverly organized, TIME<br \/>\nMaking the right decision<br \/>\nCommunication is everything<\/p>\n<p>&nbsp;<\/p>\n<p><strong>References<\/strong><\/p>\n<p>Training-centre West for health-professions, bank for Tyrol and Vorarlberg, Buderus Gie\u00dferei Wetzlar GmbH, Empl, Finstral, Hall AG, Heidenhain, Land Tirol, Salzburg AG, Plansee, Sandoz, Swarovski, Tiroler R\u00f6hren- und Metallwerke, Verbund - Austrian Hydro Power, Verbund - Austrian Power Grid<\/p>\n<p>&nbsp;<\/p>\n<p><strong>Contact<\/strong><\/p>\n<p>LeadingX<br \/>\nDI Dr. Uwe P\u00f6lzl<br \/>\nFrax 236a<br \/>\n6232 M\u00fcnster<br \/>\nE-Mail <a href=\"mailto:uwe.poelzl@LeadingX.com\">uwe.poelzl@LeadingX.com<\/a><br \/>\nMobil +43 664 133 2614<\/p>\n<\/div>\n<\/div><\/div><\/div><div id=\"pgc-17001-0-1\"  class=\"panel-grid-cell\" ><div id=\"panel-17001-0-1-0\" class=\"so-panel widget widget_sow-image panel-first-child\" data-index=\"3\" ><div\n\t\t\t\n\t\t\tclass=\"so-widget-sow-image so-widget-sow-image-default-8b5b6f678277-17001\"\n\t\t\t\n\t\t>\n<div class=\"sow-image-container\">\n\t\t<img \n\tsrc=\"https:\/\/leadingx.huber-online.at\/wp-content\/uploads\/2016\/12\/Uwe-P\u00f6lzl-IAK-Institut-f\u00fcr-Angewandte-Kreativit\u00e4t-Innovation-400x450-1-1-410x600.jpg\" sizes=\"(max-width: 410px) 100vw, 410px\" title=\"uwe-poelzl-LeadingX-innovation-400x450\" alt=\"uwe-poelzl-LeadingX-innovation-400x450\" \t\tclass=\"so-widget-image\"\/>\n\t<\/div>\n\n<\/div><\/div><div id=\"panel-17001-0-1-1\" class=\"so-panel widget widget_media_gallery\" data-index=\"4\" >\n\t\t<style type=\"text\/css\">\n\t\t\t#gallery-1 {\n\t\t\t\tmargin: auto;\n\t\t\t}\n\t\t\t#gallery-1 .gallery-item {\n\t\t\t\tfloat: left;\n\t\t\t\tmargin-top: 10px;\n\t\t\t\ttext-align: center;\n\t\t\t\twidth: 33%;\n\t\t\t}\n\t\t\t#gallery-1 img {\n\t\t\t\tborder: 2px solid #cfcfcf;\n\t\t\t}\n\t\t\t#gallery-1 .gallery-caption {\n\t\t\t\tmargin-left: 0;\n\t\t\t}\n\t\t\t\/* see gallery_shortcode() in wp-includes\/media.php *\/\n\t\t<\/style>\n\t\t<div id='gallery-1' class='gallery galleryid-17001 gallery-columns-3 gallery-size-thumbnail'><dl class='gallery-item'>\n\t\t\t<dt class='gallery-icon portrait'>\n\t\t\t\t<a href='https:\/\/leadingx.huber-online.at\/wp-content\/uploads\/2017\/01\/uwe-p\u00f6lzl-clever-organisiert-ver\u00e4nderung-change-innovation-scaled.jpg'><img decoding=\"async\" src=\"https:\/\/leadingx.huber-online.at\/wp-content\/uploads\/2017\/01\/uwe-p\u00f6lzl-clever-organisiert-ver\u00e4nderung-change-innovation-150x150.jpg\" class=\"attachment-thumbnail size-thumbnail\" alt=\"\" srcset=\"https:\/\/leadingx.huber-online.at\/wp-content\/uploads\/2017\/01\/uwe-p\u00f6lzl-clever-organisiert-ver\u00e4nderung-change-innovation-150x150.jpg 150w, https:\/\/leadingx.huber-online.at\/wp-content\/uploads\/2017\/01\/uwe-p\u00f6lzl-clever-organisiert-ver\u00e4nderung-change-innovation-370x370.jpg 370w, https:\/\/leadingx.huber-online.at\/wp-content\/uploads\/2017\/01\/uwe-p\u00f6lzl-clever-organisiert-ver\u00e4nderung-change-innovation-200x200.jpg 200w\" sizes=\"(max-width: 150px) 100vw, 150px\" \/><\/a>\n\t\t\t<\/dt><\/dl><dl class='gallery-item'>\n\t\t\t<dt class='gallery-icon portrait'>\n\t\t\t\t<a href='https:\/\/leadingx.huber-online.at\/wp-content\/uploads\/2017\/01\/uwe-p\u00f6lzl-clever-organisiert-zeit-zeitmanagement-iak-institut-f\u00fcr-angewandte-kreativit\u00e4t.jpg'><img decoding=\"async\" src=\"https:\/\/leadingx.huber-online.at\/wp-content\/uploads\/2017\/01\/uwe-p\u00f6lzl-clever-organisiert-zeit-zeitmanagement-iak-institut-f\u00fcr-angewandte-kreativit\u00e4t-150x150.jpg\" class=\"attachment-thumbnail size-thumbnail\" alt=\"\" srcset=\"https:\/\/leadingx.huber-online.at\/wp-content\/uploads\/2017\/01\/uwe-p\u00f6lzl-clever-organisiert-zeit-zeitmanagement-iak-institut-f\u00fcr-angewandte-kreativit\u00e4t-150x150.jpg 150w, https:\/\/leadingx.huber-online.at\/wp-content\/uploads\/2017\/01\/uwe-p\u00f6lzl-clever-organisiert-zeit-zeitmanagement-iak-institut-f\u00fcr-angewandte-kreativit\u00e4t-370x370.jpg 370w, https:\/\/leadingx.huber-online.at\/wp-content\/uploads\/2017\/01\/uwe-p\u00f6lzl-clever-organisiert-zeit-zeitmanagement-iak-institut-f\u00fcr-angewandte-kreativit\u00e4t-200x200.jpg 200w\" sizes=\"(max-width: 150px) 100vw, 150px\" \/><\/a>\n\t\t\t<\/dt><\/dl><dl class='gallery-item'>\n\t\t\t<dt class='gallery-icon portrait'>\n\t\t\t\t<a href='https:\/\/leadingx.huber-online.at\/wp-content\/uploads\/2017\/01\/uwe-p\u00f6lzl-clever-organisiert-zeitmanagement-iak-institut-f\u00fcr-angewandte-kreativit\u00e4t-.jpg'><img decoding=\"async\" src=\"https:\/\/leadingx.huber-online.at\/wp-content\/uploads\/2017\/01\/uwe-p\u00f6lzl-clever-organisiert-zeitmanagement-iak-institut-f\u00fcr-angewandte-kreativit\u00e4t--150x150.jpg\" class=\"attachment-thumbnail size-thumbnail\" alt=\"\" srcset=\"https:\/\/leadingx.huber-online.at\/wp-content\/uploads\/2017\/01\/uwe-p\u00f6lzl-clever-organisiert-zeitmanagement-iak-institut-f\u00fcr-angewandte-kreativit\u00e4t--150x150.jpg 150w, https:\/\/leadingx.huber-online.at\/wp-content\/uploads\/2017\/01\/uwe-p\u00f6lzl-clever-organisiert-zeitmanagement-iak-institut-f\u00fcr-angewandte-kreativit\u00e4t--300x300.jpg 300w, https:\/\/leadingx.huber-online.at\/wp-content\/uploads\/2017\/01\/uwe-p\u00f6lzl-clever-organisiert-zeitmanagement-iak-institut-f\u00fcr-angewandte-kreativit\u00e4t--1020x1024.jpg 1020w, https:\/\/leadingx.huber-online.at\/wp-content\/uploads\/2017\/01\/uwe-p\u00f6lzl-clever-organisiert-zeitmanagement-iak-institut-f\u00fcr-angewandte-kreativit\u00e4t--768x771.jpg 768w, https:\/\/leadingx.huber-online.at\/wp-content\/uploads\/2017\/01\/uwe-p\u00f6lzl-clever-organisiert-zeitmanagement-iak-institut-f\u00fcr-angewandte-kreativit\u00e4t--1531x1536.jpg 1531w, https:\/\/leadingx.huber-online.at\/wp-content\/uploads\/2017\/01\/uwe-p\u00f6lzl-clever-organisiert-zeitmanagement-iak-institut-f\u00fcr-angewandte-kreativit\u00e4t--370x370.jpg 370w, https:\/\/leadingx.huber-online.at\/wp-content\/uploads\/2017\/01\/uwe-p\u00f6lzl-clever-organisiert-zeitmanagement-iak-institut-f\u00fcr-angewandte-kreativit\u00e4t--200x200.jpg 200w, https:\/\/leadingx.huber-online.at\/wp-content\/uploads\/2017\/01\/uwe-p\u00f6lzl-clever-organisiert-zeitmanagement-iak-institut-f\u00fcr-angewandte-kreativit\u00e4t--500x502.jpg 500w, https:\/\/leadingx.huber-online.at\/wp-content\/uploads\/2017\/01\/uwe-p\u00f6lzl-clever-organisiert-zeitmanagement-iak-institut-f\u00fcr-angewandte-kreativit\u00e4t-.jpg 2000w\" sizes=\"(max-width: 150px) 100vw, 150px\" \/><\/a>\n\t\t\t<\/dt><\/dl><br style=\"clear: both\" \/><dl class='gallery-item'>\n\t\t\t<dt class='gallery-icon landscape'>\n\t\t\t\t<a href='https:\/\/leadingx.huber-online.at\/wp-content\/uploads\/2017\/01\/uwe-p\u00f6lzl-clever-organisiert-zeitmanagement-iak-institut-f\u00fcr-angewandte-kreativit\u00e4t.jpg'><img decoding=\"async\" src=\"https:\/\/leadingx.huber-online.at\/wp-content\/uploads\/2017\/01\/uwe-p\u00f6lzl-clever-organisiert-zeitmanagement-iak-institut-f\u00fcr-angewandte-kreativit\u00e4t-150x150.jpg\" class=\"attachment-thumbnail size-thumbnail\" alt=\"\" srcset=\"https:\/\/leadingx.huber-online.at\/wp-content\/uploads\/2017\/01\/uwe-p\u00f6lzl-clever-organisiert-zeitmanagement-iak-institut-f\u00fcr-angewandte-kreativit\u00e4t-150x150.jpg 150w, https:\/\/leadingx.huber-online.at\/wp-content\/uploads\/2017\/01\/uwe-p\u00f6lzl-clever-organisiert-zeitmanagement-iak-institut-f\u00fcr-angewandte-kreativit\u00e4t-370x370.jpg 370w, https:\/\/leadingx.huber-online.at\/wp-content\/uploads\/2017\/01\/uwe-p\u00f6lzl-clever-organisiert-zeitmanagement-iak-institut-f\u00fcr-angewandte-kreativit\u00e4t-200x200.jpg 200w\" sizes=\"(max-width: 150px) 100vw, 150px\" \/><\/a>\n\t\t\t<\/dt><\/dl><dl class='gallery-item'>\n\t\t\t<dt class='gallery-icon landscape'>\n\t\t\t\t<a href='https:\/\/leadingx.huber-online.at\/wp-content\/uploads\/2017\/01\/uwe-p\u00f6lzl-innovation-change-ver\u00e4nderung-iak-institut-f\u00fcr-angewandte-kreativit\u00e4t-600x600-1.jpg'><img decoding=\"async\" src=\"https:\/\/leadingx.huber-online.at\/wp-content\/uploads\/2017\/01\/uwe-p\u00f6lzl-innovation-change-ver\u00e4nderung-iak-institut-f\u00fcr-angewandte-kreativit\u00e4t-600x600-1-150x150.jpg\" class=\"attachment-thumbnail size-thumbnail\" alt=\"\" srcset=\"https:\/\/leadingx.huber-online.at\/wp-content\/uploads\/2017\/01\/uwe-p\u00f6lzl-innovation-change-ver\u00e4nderung-iak-institut-f\u00fcr-angewandte-kreativit\u00e4t-600x600-1-150x150.jpg 150w, https:\/\/leadingx.huber-online.at\/wp-content\/uploads\/2017\/01\/uwe-p\u00f6lzl-innovation-change-ver\u00e4nderung-iak-institut-f\u00fcr-angewandte-kreativit\u00e4t-600x600-1-300x300.jpg 300w, https:\/\/leadingx.huber-online.at\/wp-content\/uploads\/2017\/01\/uwe-p\u00f6lzl-innovation-change-ver\u00e4nderung-iak-institut-f\u00fcr-angewandte-kreativit\u00e4t-600x600-1-1024x1024.jpg 1024w, https:\/\/leadingx.huber-online.at\/wp-content\/uploads\/2017\/01\/uwe-p\u00f6lzl-innovation-change-ver\u00e4nderung-iak-institut-f\u00fcr-angewandte-kreativit\u00e4t-600x600-1-768x768.jpg 768w, https:\/\/leadingx.huber-online.at\/wp-content\/uploads\/2017\/01\/uwe-p\u00f6lzl-innovation-change-ver\u00e4nderung-iak-institut-f\u00fcr-angewandte-kreativit\u00e4t-600x600-1-1536x1536.jpg 1536w, https:\/\/leadingx.huber-online.at\/wp-content\/uploads\/2017\/01\/uwe-p\u00f6lzl-innovation-change-ver\u00e4nderung-iak-institut-f\u00fcr-angewandte-kreativit\u00e4t-600x600-1-370x370.jpg 370w, https:\/\/leadingx.huber-online.at\/wp-content\/uploads\/2017\/01\/uwe-p\u00f6lzl-innovation-change-ver\u00e4nderung-iak-institut-f\u00fcr-angewandte-kreativit\u00e4t-600x600-1-200x200.jpg 200w, https:\/\/leadingx.huber-online.at\/wp-content\/uploads\/2017\/01\/uwe-p\u00f6lzl-innovation-change-ver\u00e4nderung-iak-institut-f\u00fcr-angewandte-kreativit\u00e4t-600x600-1-500x500.jpg 500w, https:\/\/leadingx.huber-online.at\/wp-content\/uploads\/2017\/01\/uwe-p\u00f6lzl-innovation-change-ver\u00e4nderung-iak-institut-f\u00fcr-angewandte-kreativit\u00e4t-600x600-1.jpg 1719w\" sizes=\"(max-width: 150px) 100vw, 150px\" \/><\/a>\n\t\t\t<\/dt><\/dl><dl class='gallery-item'>\n\t\t\t<dt class='gallery-icon landscape'>\n\t\t\t\t<a href='https:\/\/leadingx.huber-online.at\/wp-content\/uploads\/2017\/01\/iak-institut-f\u00fcr-angewandte-kreativit\u00e4t-team-innovation-f\u00fchrung-steuer-chef-change-leadership-iak.at_.jpg'><img decoding=\"async\" src=\"https:\/\/leadingx.huber-online.at\/wp-content\/uploads\/2017\/01\/iak-institut-f\u00fcr-angewandte-kreativit\u00e4t-team-innovation-f\u00fchrung-steuer-chef-change-leadership-iak.at_-150x150.jpg\" class=\"attachment-thumbnail size-thumbnail\" alt=\"\" srcset=\"https:\/\/leadingx.huber-online.at\/wp-content\/uploads\/2017\/01\/iak-institut-f\u00fcr-angewandte-kreativit\u00e4t-team-innovation-f\u00fchrung-steuer-chef-change-leadership-iak.at_-150x150.jpg 150w, https:\/\/leadingx.huber-online.at\/wp-content\/uploads\/2017\/01\/iak-institut-f\u00fcr-angewandte-kreativit\u00e4t-team-innovation-f\u00fchrung-steuer-chef-change-leadership-iak.at_-370x370.jpg 370w, https:\/\/leadingx.huber-online.at\/wp-content\/uploads\/2017\/01\/iak-institut-f\u00fcr-angewandte-kreativit\u00e4t-team-innovation-f\u00fchrung-steuer-chef-change-leadership-iak.at_-200x200.jpg 200w\" sizes=\"(max-width: 150px) 100vw, 150px\" \/><\/a>\n\t\t\t<\/dt><\/dl><br style=\"clear: both\" \/>\n\t\t<\/div>\n<\/div><div id=\"panel-17001-0-1-2\" class=\"so-panel widget widget_siteorigin-panels-builder panel-last-child\" data-index=\"5\" ><div id=\"pl-w5dffa97ada2fe\"  class=\"panel-layout\" ><div class=\"panel-container \"><div id=\"pg-w5dffa97ada2fe-0\"  class=\"panel-grid panel-no-style\" ><div id=\"pgc-w5dffa97ada2fe-0-0\"  class=\"panel-grid-cell\" ><div id=\"panel-w5dffa97ada2fe-0-0-0\" class=\"so-panel widget widget_media_video panel-first-child panel-last-child\" data-index=\"0\" ><div style=\"width:100%;\" class=\"wp-video\"><video class=\"wp-video-shortcode\" id=\"video-17001-1\" preload=\"metadata\" controls=\"controls\"><source type=\"video\/youtube\" src=\"https:\/\/www.youtube.com\/watch?v=tABqTfiO5gI&#038;_=1\" \/><a href=\"https:\/\/www.youtube.com\/watch?v=tABqTfiO5gI\">https:\/\/www.youtube.com\/watch?v=tABqTfiO5gI<\/a><\/video><\/div><\/div><\/div><\/div><\/div><\/div><\/div><\/div><\/div><\/div><\/div>","protected":false},"excerpt":{"rendered":"<p>Education Studied mechanical engineering (TU Graz), doctorate Numerous seminars, trainings on various topics 20 years of practice &nbsp; Professional experience University-assistant at the University of Technology in Graz Lecturer at the Graz &#8211; University of Technology, Vienna &#8211; University of Economics and Business Responsible for quality and the environment, in a global engineering-company (Jenbacher) Elite-staff [&hellip;]<\/p>\n","protected":false},"author":4,"featured_media":0,"parent":17007,"menu_order":0,"comment_status":"closed","ping_status":"closed","template":"","meta":{"_acf_changed":false,"footnotes":""},"class_list":["post-17001","page","type-page","status-publish","hentry"],"acf":[],"yoast_head":"<!-- This site is optimized with the Yoast SEO plugin v27.1.1 - https:\/\/yoast.com\/product\/yoast-seo-wordpress\/ -->\n<title>Uwe P\u00f6lzl - Trainer \u00b7 Speaker \u00b7 Lecturer \u00b7 Moderator<\/title>\n<meta name=\"description\" content=\"Lecturer at the Graz - University of Technology, Vienna - University of Economics and Business. Fit for Change and Innovation, Lead &amp; Coach, LeadingX10, TIME, ...\" \/>\n<meta name=\"robots\" content=\"index, follow, max-snippet:-1, max-image-preview:large, max-video-preview:-1\" \/>\n<link rel=\"canonical\" href=\"https:\/\/leadingx.huber-online.at\/en\/team-of-x-experts\/uwe-poelzl\/\" \/>\n<meta property=\"og:locale\" content=\"en_US\" \/>\n<meta property=\"og:type\" content=\"article\" \/>\n<meta property=\"og:title\" content=\"Uwe P\u00f6lzl - Trainer \u00b7 Speaker \u00b7 Lecturer \u00b7 Moderator\" \/>\n<meta property=\"og:description\" content=\"Lecturer at the Graz - University of Technology, Vienna - University of Economics and Business. Fit for Change and Innovation, Lead &amp; Coach, LeadingX10, TIME, ...\" \/>\n<meta property=\"og:url\" content=\"https:\/\/leadingx.huber-online.at\/en\/team-of-x-experts\/uwe-poelzl\/\" \/>\n<meta property=\"og:site_name\" content=\"LeadingX\" \/>\n<meta property=\"article:publisher\" content=\"https:\/\/www.facebook.com\/LeadingX.Xperience.creates.Xcellence\/\" \/>\n<meta property=\"article:modified_time\" content=\"2020-06-02T12:38:00+00:00\" \/>\n<meta property=\"og:image\" content=\"https:\/\/leadingx.huber-online.at\/wp-content\/uploads\/2019\/12\/LeadingX-logo.png\" \/>\n\t<meta property=\"og:image:width\" content=\"1303\" \/>\n\t<meta property=\"og:image:height\" content=\"658\" \/>\n\t<meta property=\"og:image:type\" content=\"image\/png\" \/>\n<meta name=\"twitter:card\" content=\"summary_large_image\" \/>\n<meta name=\"twitter:label1\" content=\"Est. reading time\" \/>\n\t<meta name=\"twitter:data1\" content=\"1 minute\" \/>\n<script type=\"application\/ld+json\" class=\"yoast-schema-graph\">{\"@context\":\"https:\/\/schema.org\",\"@graph\":[{\"@type\":\"WebPage\",\"@id\":\"https:\/\/leadingx.huber-online.at\/en\/team-of-x-experts\/uwe-poelzl\/\",\"url\":\"https:\/\/leadingx.huber-online.at\/en\/team-of-x-experts\/uwe-poelzl\/\",\"name\":\"Uwe P\u00f6lzl - Trainer \u00b7 Speaker \u00b7 Lecturer \u00b7 Moderator\",\"isPartOf\":{\"@id\":\"https:\/\/leadingx.huber-online.at\/en\/#website\"},\"datePublished\":\"2019-12-22T17:34:28+00:00\",\"dateModified\":\"2020-06-02T12:38:00+00:00\",\"description\":\"Lecturer at the Graz - University of Technology, Vienna - University of Economics and Business. Fit for Change and Innovation, Lead & Coach, LeadingX10, TIME, ...\",\"breadcrumb\":{\"@id\":\"https:\/\/leadingx.huber-online.at\/en\/team-of-x-experts\/uwe-poelzl\/#breadcrumb\"},\"inLanguage\":\"en-US\",\"potentialAction\":[{\"@type\":\"ReadAction\",\"target\":[\"https:\/\/leadingx.huber-online.at\/en\/team-of-x-experts\/uwe-poelzl\/\"]}]},{\"@type\":\"BreadcrumbList\",\"@id\":\"https:\/\/leadingx.huber-online.at\/en\/team-of-x-experts\/uwe-poelzl\/#breadcrumb\",\"itemListElement\":[{\"@type\":\"ListItem\",\"position\":1,\"name\":\"Startseite\",\"item\":\"https:\/\/leadingx.huber-online.at\/en\/\"},{\"@type\":\"ListItem\",\"position\":2,\"name\":\"Team of X-experts\",\"item\":\"https:\/\/leadingx.huber-online.at\/en\/xperten-team\/\"},{\"@type\":\"ListItem\",\"position\":3,\"name\":\"Uwe P\u00f6lzl\"}]},{\"@type\":\"WebSite\",\"@id\":\"https:\/\/leadingx.huber-online.at\/en\/#website\",\"url\":\"https:\/\/leadingx.huber-online.at\/en\/\",\"name\":\"LeadingX\",\"description\":\"Xperience creates Xcellence\",\"publisher\":{\"@id\":\"https:\/\/leadingx.huber-online.at\/en\/#organization\"},\"potentialAction\":[{\"@type\":\"SearchAction\",\"target\":{\"@type\":\"EntryPoint\",\"urlTemplate\":\"https:\/\/leadingx.huber-online.at\/en\/?s={search_term_string}\"},\"query-input\":{\"@type\":\"PropertyValueSpecification\",\"valueRequired\":true,\"valueName\":\"search_term_string\"}}],\"inLanguage\":\"en-US\"},{\"@type\":\"Organization\",\"@id\":\"https:\/\/leadingx.huber-online.at\/en\/#organization\",\"name\":\"LeadingX\",\"url\":\"https:\/\/leadingx.huber-online.at\/en\/\",\"logo\":{\"@type\":\"ImageObject\",\"inLanguage\":\"en-US\",\"@id\":\"https:\/\/leadingx.huber-online.at\/en\/#\/schema\/logo\/image\/\",\"url\":\"https:\/\/leadingx.huber-online.at\/wp-content\/uploads\/2019\/12\/LeadingX-logo.png\",\"contentUrl\":\"https:\/\/leadingx.huber-online.at\/wp-content\/uploads\/2019\/12\/LeadingX-logo.png\",\"width\":1303,\"height\":658,\"caption\":\"LeadingX\"},\"image\":{\"@id\":\"https:\/\/leadingx.huber-online.at\/en\/#\/schema\/logo\/image\/\"},\"sameAs\":[\"https:\/\/www.facebook.com\/LeadingX.Xperience.creates.Xcellence\/\",\"https:\/\/www.linkedin.com\/in\/markusgruberleadingx\/\",\"https:\/\/www.youtube.com\/channel\/UCotB7KtvXuT665gWvdDJi5Q\"]}]}<\/script>\n<!-- \/ Yoast SEO plugin. -->","yoast_head_json":{"title":"Uwe P\u00f6lzl - Trainer \u00b7 Speaker \u00b7 Lecturer \u00b7 Moderator","description":"Lecturer at the Graz - University of Technology, Vienna - University of Economics and Business. Fit for Change and Innovation, Lead & Coach, LeadingX10, TIME, ...","robots":{"index":"index","follow":"follow","max-snippet":"max-snippet:-1","max-image-preview":"max-image-preview:large","max-video-preview":"max-video-preview:-1"},"canonical":"https:\/\/leadingx.huber-online.at\/en\/team-of-x-experts\/uwe-poelzl\/","og_locale":"en_US","og_type":"article","og_title":"Uwe P\u00f6lzl - Trainer \u00b7 Speaker \u00b7 Lecturer \u00b7 Moderator","og_description":"Lecturer at the Graz - University of Technology, Vienna - University of Economics and Business. Fit for Change and Innovation, Lead & Coach, LeadingX10, TIME, ...","og_url":"https:\/\/leadingx.huber-online.at\/en\/team-of-x-experts\/uwe-poelzl\/","og_site_name":"LeadingX","article_publisher":"https:\/\/www.facebook.com\/LeadingX.Xperience.creates.Xcellence\/","article_modified_time":"2020-06-02T12:38:00+00:00","og_image":[{"width":1303,"height":658,"url":"https:\/\/leadingx.huber-online.at\/wp-content\/uploads\/2019\/12\/LeadingX-logo.png","type":"image\/png"}],"twitter_card":"summary_large_image","twitter_misc":{"Est. reading time":"1 minute"},"schema":{"@context":"https:\/\/schema.org","@graph":[{"@type":"WebPage","@id":"https:\/\/leadingx.huber-online.at\/en\/team-of-x-experts\/uwe-poelzl\/","url":"https:\/\/leadingx.huber-online.at\/en\/team-of-x-experts\/uwe-poelzl\/","name":"Uwe P\u00f6lzl - Trainer \u00b7 Speaker \u00b7 Lecturer \u00b7 Moderator","isPartOf":{"@id":"https:\/\/leadingx.huber-online.at\/en\/#website"},"datePublished":"2019-12-22T17:34:28+00:00","dateModified":"2020-06-02T12:38:00+00:00","description":"Lecturer at the Graz - University of Technology, Vienna - University of Economics and Business. Fit for Change and Innovation, Lead & Coach, LeadingX10, TIME, ...","breadcrumb":{"@id":"https:\/\/leadingx.huber-online.at\/en\/team-of-x-experts\/uwe-poelzl\/#breadcrumb"},"inLanguage":"en-US","potentialAction":[{"@type":"ReadAction","target":["https:\/\/leadingx.huber-online.at\/en\/team-of-x-experts\/uwe-poelzl\/"]}]},{"@type":"BreadcrumbList","@id":"https:\/\/leadingx.huber-online.at\/en\/team-of-x-experts\/uwe-poelzl\/#breadcrumb","itemListElement":[{"@type":"ListItem","position":1,"name":"Startseite","item":"https:\/\/leadingx.huber-online.at\/en\/"},{"@type":"ListItem","position":2,"name":"Team of X-experts","item":"https:\/\/leadingx.huber-online.at\/en\/xperten-team\/"},{"@type":"ListItem","position":3,"name":"Uwe P\u00f6lzl"}]},{"@type":"WebSite","@id":"https:\/\/leadingx.huber-online.at\/en\/#website","url":"https:\/\/leadingx.huber-online.at\/en\/","name":"LeadingX","description":"Xperience creates Xcellence","publisher":{"@id":"https:\/\/leadingx.huber-online.at\/en\/#organization"},"potentialAction":[{"@type":"SearchAction","target":{"@type":"EntryPoint","urlTemplate":"https:\/\/leadingx.huber-online.at\/en\/?s={search_term_string}"},"query-input":{"@type":"PropertyValueSpecification","valueRequired":true,"valueName":"search_term_string"}}],"inLanguage":"en-US"},{"@type":"Organization","@id":"https:\/\/leadingx.huber-online.at\/en\/#organization","name":"LeadingX","url":"https:\/\/leadingx.huber-online.at\/en\/","logo":{"@type":"ImageObject","inLanguage":"en-US","@id":"https:\/\/leadingx.huber-online.at\/en\/#\/schema\/logo\/image\/","url":"https:\/\/leadingx.huber-online.at\/wp-content\/uploads\/2019\/12\/LeadingX-logo.png","contentUrl":"https:\/\/leadingx.huber-online.at\/wp-content\/uploads\/2019\/12\/LeadingX-logo.png","width":1303,"height":658,"caption":"LeadingX"},"image":{"@id":"https:\/\/leadingx.huber-online.at\/en\/#\/schema\/logo\/image\/"},"sameAs":["https:\/\/www.facebook.com\/LeadingX.Xperience.creates.Xcellence\/","https:\/\/www.linkedin.com\/in\/markusgruberleadingx\/","https:\/\/www.youtube.com\/channel\/UCotB7KtvXuT665gWvdDJi5Q"]}]}},"_links":{"self":[{"href":"https:\/\/leadingx.huber-online.at\/en\/wp-json\/wp\/v2\/pages\/17001","targetHints":{"allow":["GET"]}}],"collection":[{"href":"https:\/\/leadingx.huber-online.at\/en\/wp-json\/wp\/v2\/pages"}],"about":[{"href":"https:\/\/leadingx.huber-online.at\/en\/wp-json\/wp\/v2\/types\/page"}],"author":[{"embeddable":true,"href":"https:\/\/leadingx.huber-online.at\/en\/wp-json\/wp\/v2\/users\/4"}],"replies":[{"embeddable":true,"href":"https:\/\/leadingx.huber-online.at\/en\/wp-json\/wp\/v2\/comments?post=17001"}],"version-history":[{"count":12,"href":"https:\/\/leadingx.huber-online.at\/en\/wp-json\/wp\/v2\/pages\/17001\/revisions"}],"predecessor-version":[{"id":19724,"href":"https:\/\/leadingx.huber-online.at\/en\/wp-json\/wp\/v2\/pages\/17001\/revisions\/19724"}],"up":[{"embeddable":true,"href":"https:\/\/leadingx.huber-online.at\/en\/wp-json\/wp\/v2\/pages\/17007"}],"wp:attachment":[{"href":"https:\/\/leadingx.huber-online.at\/en\/wp-json\/wp\/v2\/media?parent=17001"}],"curies":[{"name":"wp","href":"https:\/\/api.w.org\/{rel}","templated":true}]}}