{"id":17004,"date":"2019-12-25T16:20:56","date_gmt":"2019-12-25T15:20:56","guid":{"rendered":"https:\/\/www.leadingx.com\/melissa-riedl\/"},"modified":"2020-05-24T10:08:18","modified_gmt":"2020-05-24T08:08:18","slug":"melissa-riedl","status":"publish","type":"page","link":"https:\/\/leadingx.huber-online.at\/en\/team-of-x-experts\/melissa-riedl\/","title":{"rendered":"Melissa Riedl"},"content":{"rendered":"<div id=\"pl-17004\"  class=\"panel-layout\" ><div class=\"panel-container \"><div id=\"pg-17004-0\"  class=\"panel-grid panel-no-style\" ><div id=\"pgc-17004-0-0\"  class=\"panel-grid-cell\" ><div id=\"panel-17004-0-0-0\" class=\"so-panel widget widget_headline-with-sub panel-first-child\" data-index=\"0\" ><div\n\t\t\t\n\t\t\tclass=\"so-widget-headline-with-sub so-widget-headline-with-sub-default-d75171398898-17004\"\n\t\t\t\n\t\t><div class=\"headline text-left\">\r\n\t<div class=\"title\">\r\n\t\t<h1>\r\n\t\t\tMelissa Riedl\t\t<\/h1>\r\n\t<\/div>\r\n\t<div class=\"sub\">\r\n\t\t<p>\r\n\t\t\tTrainer \u2022 Coach \u2022 Moderator, Generation Y, Z Business-succession and handover\t\t<\/p>\r\n\t<\/div>\r\n<\/div>\r\n<\/div><\/div><div id=\"panel-17004-0-0-1\" class=\"widget_text so-panel widget widget_custom_html\" data-index=\"1\" ><div class=\"textwidget custom-html-widget\"><ul class=\"socials\">\n\t<li>\n\t\t<a href=\"mailto:melissa.riedl@leadingx.com\"><i class=\"fas fa-envelope\"><\/i>\n\t\t<\/a>\n\t<\/li>\n\t<li>\n\t\t<a target=\"_blank\" href=\"https:\/\/www.facebook.com\/LeadingX.Xperience.creates.Xcellence\"><i class=\"fab fa-facebook-f\"><\/i>\n\t\t<\/a>\n\t<\/li>\n\t<li>\n\t\t<a target=\"_blank\" href=\"https:\/\/www.youtube.com\/channel\/UCotB7KtvXuT665gWvdDJi5Q\"><i class=\"fab fa-youtube\"><\/i>\n\t\t<\/a>\n\t<\/li>\n\t<li>\n\t\t<a target=\"_blank\" href=\"https:\/\/www.linkedin.com\/in\/melissa-riedl-90b886a8\"><i class=\"fab fa-linkedin\"><\/i>\n\t\t<\/a>\n\t<\/li>\n\t<li>\n\t\t<a target=\"_blank\" href=\"https:\/\/www.xing.com\/companies\/leadingx-xperiencecreatesxcellence\"><i class=\"fab fa-dribbble\"><\/i>\n\t\t<\/a>\n\t<\/li>\n<\/ul><\/div><\/div><div id=\"panel-17004-0-0-2\" class=\"so-panel widget widget_sow-editor panel-last-child\" data-index=\"2\" ><div\n\t\t\t\n\t\t\tclass=\"so-widget-sow-editor so-widget-sow-editor-base\"\n\t\t\t\n\t\t>\n<div class=\"siteorigin-widget-tinymce textwidget\">\n\t<\/div>\n<\/div><\/div><\/div><div id=\"pgc-17004-0-1\"  class=\"panel-grid-cell\" ><div id=\"panel-17004-0-1-0\" class=\"so-panel widget widget_sow-image panel-first-child\" data-index=\"3\" ><div\n\t\t\t\n\t\t\tclass=\"so-widget-sow-image so-widget-sow-image-default-8b5b6f678277-17004\"\n\t\t\t\n\t\t>\n<div class=\"sow-image-container\">\n\t\t<img \n\tsrc=\"https:\/\/leadingx.huber-online.at\/wp-content\/uploads\/2019\/12\/melissa-riedl.jpg\" srcset=\"https:\/\/leadingx.huber-online.at\/wp-content\/uploads\/2019\/12\/melissa-riedl.jpg 400w, https:\/\/leadingx.huber-online.at\/wp-content\/uploads\/2019\/12\/melissa-riedl-267x300.jpg 267w\" sizes=\"(max-width: 400px) 100vw, 400px\" title=\"Melissa Riedl, Coach, Trainerin, Generation y, LeadingX, x10,  LeadingX, LeadingX.com Xcellence\" alt=\"Melissa Riedl, Coach, Trainerin, Generation y, LeadingX, x10, LeadingX, LeadingX.com Xcellence\" \t\tclass=\"so-widget-image\"\/>\n\t<\/div>\n\n<\/div><\/div><div id=\"panel-17004-0-1-1\" class=\"so-panel widget widget_media_gallery\" data-index=\"4\" >\n\t\t<style type=\"text\/css\">\n\t\t\t#gallery-1 {\n\t\t\t\tmargin: auto;\n\t\t\t}\n\t\t\t#gallery-1 .gallery-item {\n\t\t\t\tfloat: left;\n\t\t\t\tmargin-top: 10px;\n\t\t\t\ttext-align: center;\n\t\t\t\twidth: 33%;\n\t\t\t}\n\t\t\t#gallery-1 img {\n\t\t\t\tborder: 2px solid #cfcfcf;\n\t\t\t}\n\t\t\t#gallery-1 .gallery-caption {\n\t\t\t\tmargin-left: 0;\n\t\t\t}\n\t\t\t\/* see gallery_shortcode() in wp-includes\/media.php *\/\n\t\t<\/style>\n\t\t<div id='gallery-1' class='gallery galleryid-17004 gallery-columns-3 gallery-size-thumbnail'><dl class='gallery-item'>\n\t\t\t<dt class='gallery-icon portrait'>\n\t\t\t\t<a href='https:\/\/leadingx.huber-online.at\/wp-content\/uploads\/2019\/12\/IAK-Institut-f\u00fcr-Angewandte-Kreativit\u00e4t-Einstellung-Bewusstsein-Team-Innovation-ChancenRealisierer-Trainer-Change-Leadership-iak.at-600x600-2.jpg'><img decoding=\"async\" src=\"https:\/\/leadingx.huber-online.at\/wp-content\/uploads\/2019\/12\/IAK-Institut-f\u00fcr-Angewandte-Kreativit\u00e4t-Einstellung-Bewusstsein-Team-Innovation-ChancenRealisierer-Trainer-Change-Leadership-iak.at-600x600-2-150x150.jpg\" class=\"attachment-thumbnail size-thumbnail\" alt=\"\" srcset=\"https:\/\/leadingx.huber-online.at\/wp-content\/uploads\/2019\/12\/IAK-Institut-f\u00fcr-Angewandte-Kreativit\u00e4t-Einstellung-Bewusstsein-Team-Innovation-ChancenRealisierer-Trainer-Change-Leadership-iak.at-600x600-2-150x150.jpg 150w, https:\/\/leadingx.huber-online.at\/wp-content\/uploads\/2019\/12\/IAK-Institut-f\u00fcr-Angewandte-Kreativit\u00e4t-Einstellung-Bewusstsein-Team-Innovation-ChancenRealisierer-Trainer-Change-Leadership-iak.at-600x600-2-300x300.jpg 300w, https:\/\/leadingx.huber-online.at\/wp-content\/uploads\/2019\/12\/IAK-Institut-f\u00fcr-Angewandte-Kreativit\u00e4t-Einstellung-Bewusstsein-Team-Innovation-ChancenRealisierer-Trainer-Change-Leadership-iak.at-600x600-2-1024x1024.jpg 1024w, https:\/\/leadingx.huber-online.at\/wp-content\/uploads\/2019\/12\/IAK-Institut-f\u00fcr-Angewandte-Kreativit\u00e4t-Einstellung-Bewusstsein-Team-Innovation-ChancenRealisierer-Trainer-Change-Leadership-iak.at-600x600-2-768x768.jpg 768w, https:\/\/leadingx.huber-online.at\/wp-content\/uploads\/2019\/12\/IAK-Institut-f\u00fcr-Angewandte-Kreativit\u00e4t-Einstellung-Bewusstsein-Team-Innovation-ChancenRealisierer-Trainer-Change-Leadership-iak.at-600x600-2-1536x1536.jpg 1536w, https:\/\/leadingx.huber-online.at\/wp-content\/uploads\/2019\/12\/IAK-Institut-f\u00fcr-Angewandte-Kreativit\u00e4t-Einstellung-Bewusstsein-Team-Innovation-ChancenRealisierer-Trainer-Change-Leadership-iak.at-600x600-2-2048x2048.jpg 2048w, https:\/\/leadingx.huber-online.at\/wp-content\/uploads\/2019\/12\/IAK-Institut-f\u00fcr-Angewandte-Kreativit\u00e4t-Einstellung-Bewusstsein-Team-Innovation-ChancenRealisierer-Trainer-Change-Leadership-iak.at-600x600-2-370x370.jpg 370w, https:\/\/leadingx.huber-online.at\/wp-content\/uploads\/2019\/12\/IAK-Institut-f\u00fcr-Angewandte-Kreativit\u00e4t-Einstellung-Bewusstsein-Team-Innovation-ChancenRealisierer-Trainer-Change-Leadership-iak.at-600x600-2-200x200.jpg 200w, https:\/\/leadingx.huber-online.at\/wp-content\/uploads\/2019\/12\/IAK-Institut-f\u00fcr-Angewandte-Kreativit\u00e4t-Einstellung-Bewusstsein-Team-Innovation-ChancenRealisierer-Trainer-Change-Leadership-iak.at-600x600-2-500x500.jpg 500w\" sizes=\"(max-width: 150px) 100vw, 150px\" \/><\/a>\n\t\t\t<\/dt><\/dl><dl class='gallery-item'>\n\t\t\t<dt class='gallery-icon landscape'>\n\t\t\t\t<a href='https:\/\/leadingx.huber-online.at\/wp-content\/uploads\/2017\/01\/iak-institut-f\u00fcr-angewandte-kreativit\u00e4t-team-meeting-kommunikation-kooperation-leadership-iak.at_.jpg'><img decoding=\"async\" src=\"https:\/\/leadingx.huber-online.at\/wp-content\/uploads\/2017\/01\/iak-institut-f\u00fcr-angewandte-kreativit\u00e4t-team-meeting-kommunikation-kooperation-leadership-iak.at_-150x150.jpg\" class=\"attachment-thumbnail size-thumbnail\" alt=\"\" srcset=\"https:\/\/leadingx.huber-online.at\/wp-content\/uploads\/2017\/01\/iak-institut-f\u00fcr-angewandte-kreativit\u00e4t-team-meeting-kommunikation-kooperation-leadership-iak.at_-150x150.jpg 150w, https:\/\/leadingx.huber-online.at\/wp-content\/uploads\/2017\/01\/iak-institut-f\u00fcr-angewandte-kreativit\u00e4t-team-meeting-kommunikation-kooperation-leadership-iak.at_-370x370.jpg 370w, https:\/\/leadingx.huber-online.at\/wp-content\/uploads\/2017\/01\/iak-institut-f\u00fcr-angewandte-kreativit\u00e4t-team-meeting-kommunikation-kooperation-leadership-iak.at_-200x200.jpg 200w\" sizes=\"(max-width: 150px) 100vw, 150px\" \/><\/a>\n\t\t\t<\/dt><\/dl><dl class='gallery-item'>\n\t\t\t<dt class='gallery-icon portrait'>\n\t\t\t\t<a href='https:\/\/leadingx.huber-online.at\/wp-content\/uploads\/2017\/01\/iak-institut-f\u00fcr-angewandte-kreativit\u00e4t-team-meeting-kommunikation-coaching-f\u00fchrung-iak.at_.jpg'><img decoding=\"async\" src=\"https:\/\/leadingx.huber-online.at\/wp-content\/uploads\/2017\/01\/iak-institut-f\u00fcr-angewandte-kreativit\u00e4t-team-meeting-kommunikation-coaching-f\u00fchrung-iak.at_-150x150.jpg\" class=\"attachment-thumbnail size-thumbnail\" alt=\"\" srcset=\"https:\/\/leadingx.huber-online.at\/wp-content\/uploads\/2017\/01\/iak-institut-f\u00fcr-angewandte-kreativit\u00e4t-team-meeting-kommunikation-coaching-f\u00fchrung-iak.at_-150x150.jpg 150w, https:\/\/leadingx.huber-online.at\/wp-content\/uploads\/2017\/01\/iak-institut-f\u00fcr-angewandte-kreativit\u00e4t-team-meeting-kommunikation-coaching-f\u00fchrung-iak.at_-370x370.jpg 370w, https:\/\/leadingx.huber-online.at\/wp-content\/uploads\/2017\/01\/iak-institut-f\u00fcr-angewandte-kreativit\u00e4t-team-meeting-kommunikation-coaching-f\u00fchrung-iak.at_-200x200.jpg 200w\" sizes=\"(max-width: 150px) 100vw, 150px\" \/><\/a>\n\t\t\t<\/dt><\/dl><br style=\"clear: both\" \/><dl class='gallery-item'>\n\t\t\t<dt class='gallery-icon landscape'>\n\t\t\t\t<a href='https:\/\/leadingx.huber-online.at\/wp-content\/uploads\/2016\/12\/IAK-Institut-f\u00fcr-Angewandte-Kreativit\u00e4t-Pr\u00e4sentation-Team-Innovation-Trainer-Change-Leadership-iak.at-2-1-e1481932386545.jpg'><img decoding=\"async\" src=\"https:\/\/leadingx.huber-online.at\/wp-content\/uploads\/2016\/12\/IAK-Institut-f\u00fcr-Angewandte-Kreativit\u00e4t-Pr\u00e4sentation-Team-Innovation-Trainer-Change-Leadership-iak.at-2-1-e1481932386545-150x150.jpg\" class=\"attachment-thumbnail size-thumbnail\" alt=\"\" srcset=\"https:\/\/leadingx.huber-online.at\/wp-content\/uploads\/2016\/12\/IAK-Institut-f\u00fcr-Angewandte-Kreativit\u00e4t-Pr\u00e4sentation-Team-Innovation-Trainer-Change-Leadership-iak.at-2-1-e1481932386545-150x150.jpg 150w, https:\/\/leadingx.huber-online.at\/wp-content\/uploads\/2016\/12\/IAK-Institut-f\u00fcr-Angewandte-Kreativit\u00e4t-Pr\u00e4sentation-Team-Innovation-Trainer-Change-Leadership-iak.at-2-1-e1481932386545-370x370.jpg 370w, https:\/\/leadingx.huber-online.at\/wp-content\/uploads\/2016\/12\/IAK-Institut-f\u00fcr-Angewandte-Kreativit\u00e4t-Pr\u00e4sentation-Team-Innovation-Trainer-Change-Leadership-iak.at-2-1-e1481932386545-200x200.jpg 200w\" sizes=\"(max-width: 150px) 100vw, 150px\" \/><\/a>\n\t\t\t<\/dt><\/dl><dl class='gallery-item'>\n\t\t\t<dt class='gallery-icon landscape'>\n\t\t\t\t<a href='https:\/\/leadingx.huber-online.at\/wp-content\/uploads\/2016\/12\/IAK-Institut-f\u00fcr-Angewandte-Kreativit\u00e4t-Team-Meeting-Kommunikation-Probleml\u00f6sung-Innovation-Leadership-iak.at_-e1481977655887.jpg'><img decoding=\"async\" src=\"https:\/\/leadingx.huber-online.at\/wp-content\/uploads\/2016\/12\/IAK-Institut-f\u00fcr-Angewandte-Kreativit\u00e4t-Team-Meeting-Kommunikation-Probleml\u00f6sung-Innovation-Leadership-iak.at_-e1481977655887-150x150.jpg\" class=\"attachment-thumbnail size-thumbnail\" alt=\"\" srcset=\"https:\/\/leadingx.huber-online.at\/wp-content\/uploads\/2016\/12\/IAK-Institut-f\u00fcr-Angewandte-Kreativit\u00e4t-Team-Meeting-Kommunikation-Probleml\u00f6sung-Innovation-Leadership-iak.at_-e1481977655887-150x150.jpg 150w, https:\/\/leadingx.huber-online.at\/wp-content\/uploads\/2016\/12\/IAK-Institut-f\u00fcr-Angewandte-Kreativit\u00e4t-Team-Meeting-Kommunikation-Probleml\u00f6sung-Innovation-Leadership-iak.at_-e1481977655887-370x370.jpg 370w, https:\/\/leadingx.huber-online.at\/wp-content\/uploads\/2016\/12\/IAK-Institut-f\u00fcr-Angewandte-Kreativit\u00e4t-Team-Meeting-Kommunikation-Probleml\u00f6sung-Innovation-Leadership-iak.at_-e1481977655887-200x200.jpg 200w\" sizes=\"(max-width: 150px) 100vw, 150px\" \/><\/a>\n\t\t\t<\/dt><\/dl><dl class='gallery-item'>\n\t\t\t<dt class='gallery-icon landscape'>\n\t\t\t\t<a href='https:\/\/leadingx.huber-online.at\/wp-content\/uploads\/2017\/01\/iak-institut-f\u00fcr-angewandte-kreativit\u00e4t-team-seminar-workshop-kommunikation-coaching-leadership-iak.at_.jpg'><img decoding=\"async\" src=\"https:\/\/leadingx.huber-online.at\/wp-content\/uploads\/2017\/01\/iak-institut-f\u00fcr-angewandte-kreativit\u00e4t-team-seminar-workshop-kommunikation-coaching-leadership-iak.at_-150x150.jpg\" class=\"attachment-thumbnail size-thumbnail\" alt=\"\" srcset=\"https:\/\/leadingx.huber-online.at\/wp-content\/uploads\/2017\/01\/iak-institut-f\u00fcr-angewandte-kreativit\u00e4t-team-seminar-workshop-kommunikation-coaching-leadership-iak.at_-150x150.jpg 150w, https:\/\/leadingx.huber-online.at\/wp-content\/uploads\/2017\/01\/iak-institut-f\u00fcr-angewandte-kreativit\u00e4t-team-seminar-workshop-kommunikation-coaching-leadership-iak.at_-370x370.jpg 370w, https:\/\/leadingx.huber-online.at\/wp-content\/uploads\/2017\/01\/iak-institut-f\u00fcr-angewandte-kreativit\u00e4t-team-seminar-workshop-kommunikation-coaching-leadership-iak.at_-200x200.jpg 200w\" sizes=\"(max-width: 150px) 100vw, 150px\" \/><\/a>\n\t\t\t<\/dt><\/dl><br style=\"clear: both\" \/>\n\t\t<\/div>\n<\/div><div id=\"panel-17004-0-1-2\" class=\"so-panel widget widget_sow-editor panel-last-child\" data-index=\"5\" ><div\n\t\t\t\n\t\t\tclass=\"so-widget-sow-editor so-widget-sow-editor-base\"\n\t\t\t\n\t\t>\n<div class=\"siteorigin-widget-tinymce textwidget\">\n\t<h2>Kontakt<\/h2>\n<p>LeadingX<br \/>\nMelissa Riedl<br \/>\nPfaffensteig 3 Top 7<br \/>\nA-6020 Innsbruck<\/p>\n<p><a href=\"mailto:melissa.riedl@LeadingX.com\">melissa.riedl@LeadingX.com<\/a><br \/>\nMobile: <a href=\"tel:+43664 143 9282\">+43 664 143 9282<\/a><\/p>\n<\/div>\n<\/div><\/div><\/div><\/div><\/div><\/div>","protected":false},"excerpt":{"rendered":"<p>Kontakt LeadingX Melissa Riedl Pfaffensteig 3 Top 7 A-6020 Innsbruck melissa.riedl@LeadingX.com Mobile: +43 664 143 9282<\/p>\n","protected":false},"author":4,"featured_media":0,"parent":17007,"menu_order":0,"comment_status":"closed","ping_status":"closed","template":"","meta":{"_acf_changed":false,"footnotes":""},"class_list":["post-17004","page","type-page","status-publish","hentry"],"acf":[],"yoast_head":"<!-- This site is optimized with the Yoast SEO plugin v27.1.1 - https:\/\/yoast.com\/product\/yoast-seo-wordpress\/ -->\n<title>Melissa Riedl, teamcoach, trainer<\/title>\n<meta name=\"robots\" content=\"index, follow, max-snippet:-1, max-image-preview:large, max-video-preview:-1\" \/>\n<link rel=\"canonical\" href=\"https:\/\/leadingx.huber-online.at\/en\/team-of-x-experts\/melissa-riedl\/\" \/>\n<meta property=\"og:locale\" content=\"en_US\" \/>\n<meta property=\"og:type\" content=\"article\" \/>\n<meta property=\"og:title\" content=\"Melissa Riedl, teamcoach, trainer\" \/>\n<meta property=\"og:description\" content=\"Kontakt LeadingX Melissa Riedl Pfaffensteig 3 Top 7 A-6020 Innsbruck melissa.riedl@LeadingX.com Mobile: +43 664 143 9282\" \/>\n<meta property=\"og:url\" content=\"https:\/\/leadingx.huber-online.at\/en\/team-of-x-experts\/melissa-riedl\/\" \/>\n<meta property=\"og:site_name\" content=\"LeadingX\" \/>\n<meta property=\"article:publisher\" content=\"https:\/\/www.facebook.com\/LeadingX.Xperience.creates.Xcellence\/\" \/>\n<meta property=\"article:modified_time\" content=\"2020-05-24T08:08:18+00:00\" \/>\n<meta property=\"og:image\" content=\"https:\/\/leadingx.huber-online.at\/wp-content\/uploads\/2019\/12\/LeadingX-logo.png\" \/>\n\t<meta property=\"og:image:width\" content=\"1303\" \/>\n\t<meta property=\"og:image:height\" content=\"658\" \/>\n\t<meta property=\"og:image:type\" content=\"image\/png\" \/>\n<meta name=\"twitter:card\" content=\"summary_large_image\" \/>\n<script type=\"application\/ld+json\" class=\"yoast-schema-graph\">{\"@context\":\"https:\/\/schema.org\",\"@graph\":[{\"@type\":\"WebPage\",\"@id\":\"https:\/\/leadingx.huber-online.at\/en\/team-of-x-experts\/melissa-riedl\/\",\"url\":\"https:\/\/leadingx.huber-online.at\/en\/team-of-x-experts\/melissa-riedl\/\",\"name\":\"Melissa Riedl, teamcoach, trainer\",\"isPartOf\":{\"@id\":\"https:\/\/leadingx.huber-online.at\/en\/#website\"},\"datePublished\":\"2019-12-25T15:20:56+00:00\",\"dateModified\":\"2020-05-24T08:08:18+00:00\",\"breadcrumb\":{\"@id\":\"https:\/\/leadingx.huber-online.at\/en\/team-of-x-experts\/melissa-riedl\/#breadcrumb\"},\"inLanguage\":\"en-US\",\"potentialAction\":[{\"@type\":\"ReadAction\",\"target\":[\"https:\/\/leadingx.huber-online.at\/en\/team-of-x-experts\/melissa-riedl\/\"]}]},{\"@type\":\"BreadcrumbList\",\"@id\":\"https:\/\/leadingx.huber-online.at\/en\/team-of-x-experts\/melissa-riedl\/#breadcrumb\",\"itemListElement\":[{\"@type\":\"ListItem\",\"position\":1,\"name\":\"Startseite\",\"item\":\"https:\/\/leadingx.huber-online.at\/en\/\"},{\"@type\":\"ListItem\",\"position\":2,\"name\":\"Team of X-experts\",\"item\":\"https:\/\/leadingx.huber-online.at\/en\/xperten-team\/\"},{\"@type\":\"ListItem\",\"position\":3,\"name\":\"Melissa Riedl\"}]},{\"@type\":\"WebSite\",\"@id\":\"https:\/\/leadingx.huber-online.at\/en\/#website\",\"url\":\"https:\/\/leadingx.huber-online.at\/en\/\",\"name\":\"LeadingX\",\"description\":\"Xperience creates Xcellence\",\"publisher\":{\"@id\":\"https:\/\/leadingx.huber-online.at\/en\/#organization\"},\"potentialAction\":[{\"@type\":\"SearchAction\",\"target\":{\"@type\":\"EntryPoint\",\"urlTemplate\":\"https:\/\/leadingx.huber-online.at\/en\/?s={search_term_string}\"},\"query-input\":{\"@type\":\"PropertyValueSpecification\",\"valueRequired\":true,\"valueName\":\"search_term_string\"}}],\"inLanguage\":\"en-US\"},{\"@type\":\"Organization\",\"@id\":\"https:\/\/leadingx.huber-online.at\/en\/#organization\",\"name\":\"LeadingX\",\"url\":\"https:\/\/leadingx.huber-online.at\/en\/\",\"logo\":{\"@type\":\"ImageObject\",\"inLanguage\":\"en-US\",\"@id\":\"https:\/\/leadingx.huber-online.at\/en\/#\/schema\/logo\/image\/\",\"url\":\"https:\/\/leadingx.huber-online.at\/wp-content\/uploads\/2019\/12\/LeadingX-logo.png\",\"contentUrl\":\"https:\/\/leadingx.huber-online.at\/wp-content\/uploads\/2019\/12\/LeadingX-logo.png\",\"width\":1303,\"height\":658,\"caption\":\"LeadingX\"},\"image\":{\"@id\":\"https:\/\/leadingx.huber-online.at\/en\/#\/schema\/logo\/image\/\"},\"sameAs\":[\"https:\/\/www.facebook.com\/LeadingX.Xperience.creates.Xcellence\/\",\"https:\/\/www.linkedin.com\/in\/markusgruberleadingx\/\",\"https:\/\/www.youtube.com\/channel\/UCotB7KtvXuT665gWvdDJi5Q\"]}]}<\/script>\n<!-- \/ Yoast SEO plugin. -->","yoast_head_json":{"title":"Melissa Riedl, teamcoach, trainer","robots":{"index":"index","follow":"follow","max-snippet":"max-snippet:-1","max-image-preview":"max-image-preview:large","max-video-preview":"max-video-preview:-1"},"canonical":"https:\/\/leadingx.huber-online.at\/en\/team-of-x-experts\/melissa-riedl\/","og_locale":"en_US","og_type":"article","og_title":"Melissa Riedl, teamcoach, trainer","og_description":"Kontakt LeadingX Melissa Riedl Pfaffensteig 3 Top 7 A-6020 Innsbruck melissa.riedl@LeadingX.com Mobile: +43 664 143 9282","og_url":"https:\/\/leadingx.huber-online.at\/en\/team-of-x-experts\/melissa-riedl\/","og_site_name":"LeadingX","article_publisher":"https:\/\/www.facebook.com\/LeadingX.Xperience.creates.Xcellence\/","article_modified_time":"2020-05-24T08:08:18+00:00","og_image":[{"width":1303,"height":658,"url":"https:\/\/leadingx.huber-online.at\/wp-content\/uploads\/2019\/12\/LeadingX-logo.png","type":"image\/png"}],"twitter_card":"summary_large_image","schema":{"@context":"https:\/\/schema.org","@graph":[{"@type":"WebPage","@id":"https:\/\/leadingx.huber-online.at\/en\/team-of-x-experts\/melissa-riedl\/","url":"https:\/\/leadingx.huber-online.at\/en\/team-of-x-experts\/melissa-riedl\/","name":"Melissa Riedl, teamcoach, trainer","isPartOf":{"@id":"https:\/\/leadingx.huber-online.at\/en\/#website"},"datePublished":"2019-12-25T15:20:56+00:00","dateModified":"2020-05-24T08:08:18+00:00","breadcrumb":{"@id":"https:\/\/leadingx.huber-online.at\/en\/team-of-x-experts\/melissa-riedl\/#breadcrumb"},"inLanguage":"en-US","potentialAction":[{"@type":"ReadAction","target":["https:\/\/leadingx.huber-online.at\/en\/team-of-x-experts\/melissa-riedl\/"]}]},{"@type":"BreadcrumbList","@id":"https:\/\/leadingx.huber-online.at\/en\/team-of-x-experts\/melissa-riedl\/#breadcrumb","itemListElement":[{"@type":"ListItem","position":1,"name":"Startseite","item":"https:\/\/leadingx.huber-online.at\/en\/"},{"@type":"ListItem","position":2,"name":"Team of X-experts","item":"https:\/\/leadingx.huber-online.at\/en\/xperten-team\/"},{"@type":"ListItem","position":3,"name":"Melissa Riedl"}]},{"@type":"WebSite","@id":"https:\/\/leadingx.huber-online.at\/en\/#website","url":"https:\/\/leadingx.huber-online.at\/en\/","name":"LeadingX","description":"Xperience creates Xcellence","publisher":{"@id":"https:\/\/leadingx.huber-online.at\/en\/#organization"},"potentialAction":[{"@type":"SearchAction","target":{"@type":"EntryPoint","urlTemplate":"https:\/\/leadingx.huber-online.at\/en\/?s={search_term_string}"},"query-input":{"@type":"PropertyValueSpecification","valueRequired":true,"valueName":"search_term_string"}}],"inLanguage":"en-US"},{"@type":"Organization","@id":"https:\/\/leadingx.huber-online.at\/en\/#organization","name":"LeadingX","url":"https:\/\/leadingx.huber-online.at\/en\/","logo":{"@type":"ImageObject","inLanguage":"en-US","@id":"https:\/\/leadingx.huber-online.at\/en\/#\/schema\/logo\/image\/","url":"https:\/\/leadingx.huber-online.at\/wp-content\/uploads\/2019\/12\/LeadingX-logo.png","contentUrl":"https:\/\/leadingx.huber-online.at\/wp-content\/uploads\/2019\/12\/LeadingX-logo.png","width":1303,"height":658,"caption":"LeadingX"},"image":{"@id":"https:\/\/leadingx.huber-online.at\/en\/#\/schema\/logo\/image\/"},"sameAs":["https:\/\/www.facebook.com\/LeadingX.Xperience.creates.Xcellence\/","https:\/\/www.linkedin.com\/in\/markusgruberleadingx\/","https:\/\/www.youtube.com\/channel\/UCotB7KtvXuT665gWvdDJi5Q"]}]}},"_links":{"self":[{"href":"https:\/\/leadingx.huber-online.at\/en\/wp-json\/wp\/v2\/pages\/17004","targetHints":{"allow":["GET"]}}],"collection":[{"href":"https:\/\/leadingx.huber-online.at\/en\/wp-json\/wp\/v2\/pages"}],"about":[{"href":"https:\/\/leadingx.huber-online.at\/en\/wp-json\/wp\/v2\/types\/page"}],"author":[{"embeddable":true,"href":"https:\/\/leadingx.huber-online.at\/en\/wp-json\/wp\/v2\/users\/4"}],"replies":[{"embeddable":true,"href":"https:\/\/leadingx.huber-online.at\/en\/wp-json\/wp\/v2\/comments?post=17004"}],"version-history":[{"count":8,"href":"https:\/\/leadingx.huber-online.at\/en\/wp-json\/wp\/v2\/pages\/17004\/revisions"}],"predecessor-version":[{"id":19374,"href":"https:\/\/leadingx.huber-online.at\/en\/wp-json\/wp\/v2\/pages\/17004\/revisions\/19374"}],"up":[{"embeddable":true,"href":"https:\/\/leadingx.huber-online.at\/en\/wp-json\/wp\/v2\/pages\/17007"}],"wp:attachment":[{"href":"https:\/\/leadingx.huber-online.at\/en\/wp-json\/wp\/v2\/media?parent=17004"}],"curies":[{"name":"wp","href":"https:\/\/api.w.org\/{rel}","templated":true}]}}