{"id":17036,"date":"2019-12-17T14:39:01","date_gmt":"2019-12-17T14:39:01","guid":{"rendered":"https:\/\/www.leadingx.com\/leistungen\/xdigital\/"},"modified":"2021-03-26T10:11:05","modified_gmt":"2021-03-26T09:11:05","slug":"xdigital","status":"publish","type":"page","link":"https:\/\/leadingx.huber-online.at\/en\/services\/xdigital\/","title":{"rendered":"Xdigital"},"content":{"rendered":"<div id=\"pl-17036\"  class=\"panel-layout\" ><div class=\"panel-container full no-spacing \"><div id=\"pg-17036-0\"  class=\"panel-grid panel-has-style\" ><div class=\"full no-spacing panel-row-style panel-row-style-for-17036-0\" ><div id=\"pgc-17036-0-0\"  class=\"panel-grid-cell\" ><div id=\"panel-17036-0-0-0\" class=\"so-panel widget widget_site-title-widget panel-first-child panel-last-child\" data-index=\"0\" ><div class=\"full no-spacing panel-widget-style panel-widget-style-for-17036-0-0-0\" ><div\n\t\t\t\n\t\t\tclass=\"so-widget-site-title-widget so-widget-site-title-widget-default-d75171398898-17036\"\n\t\t\t\n\t\t><div class=\"site-title gradient grey\">\r\n\r\n\t<div class=\"container content\">\r\n\t\t<div class=\"inner has-icon\">\r\n\t\t\t\t\t\t\t\t<div class=\"icon\">\r\n\t\t\t\t\t\t<img decoding=\"async\" src=\"https:\/\/leadingx.huber-online.at\/wp-content\/uploads\/2019\/12\/xdigital.svg\" \/>\r\n\t\t\t\t\t<\/div>\r\n\t\t\t\t\r\n\t\t\t\t\t\t<div class=\"title\">\r\n\t\t\t\t<h1 class=\"h1\">\r\n\t\t\t\t\tXdigital\t\t\t\t<\/h1>\r\n\t\t\t<\/div>\r\n\t\t\t\t\t\t\t\t\t<p class=\"txt h3\">\r\n\t\t\t\tWith digital transformation-culture Xdigital, digitisation, leadership and corporate-culture accompanying and inspiring\t\t\t<\/p>\r\n\t\t\t\r\n\t\t\t\t\t<\/div>\r\n\t<\/div>\r\n\r\n<\/div>\r\n<\/div><\/div><\/div><\/div><\/div><\/div><\/div><div class=\"panel-container spacing-small-top \"><div id=\"pg-17036-1\"  class=\"panel-grid panel-has-style\" ><div class=\"spacing-small-top panel-row-style panel-row-style-for-17036-1\" ><div id=\"pgc-17036-1-0\"  class=\"panel-grid-cell\" ><div id=\"panel-17036-1-0-0\" class=\"so-panel widget widget_sow-editor panel-first-child\" data-index=\"1\" ><div\n\t\t\t\n\t\t\tclass=\"so-widget-sow-editor so-widget-sow-editor-base\"\n\t\t\t\n\t\t>\n<div class=\"siteorigin-widget-tinymce textwidget\">\n\t<h2>LeadingXdigital uses digital technologies...<\/h2>\n<h3 class=\"western\">... and combines them with analogue services to create effective and attitude-based development- and innovation-processes.<\/h3>\n<p>Numbers are telling! but what is measurable, often doesn't count. And what really is essential, couldn't be measured so far. With LeadingXdigital, we mesure what really counts. And ensure learning- and innovation-processes, that inspire people and companies in the same way.<\/p>\n<\/div>\n<\/div><\/div><div id=\"panel-17036-1-0-1\" class=\"so-panel widget widget_sow-editor\" data-index=\"2\" ><div\n\t\t\t\n\t\t\tclass=\"so-widget-sow-editor so-widget-sow-editor-base\"\n\t\t\t\n\t\t>\n<div class=\"siteorigin-widget-tinymce textwidget\">\n\t<h2>The essentials of digitisation.<\/h2>\n<p class=\"western\">We are online and connected anytime and anywhere - professionally and personally. Digitisation is inevitably changing the way we work, live and evolve. Old economic structures and entire business-models are being dissolved. Is this digital change breaking you and sees you falling by the wayside, or are you using digitisation as an opportunity? Current studies clearly confirm: Digitisation without cultural-change does not work! Digitisation doesn't run on old software in the mind. Here too, the human factor is the essential, and crucial. Industry 4.0 and economy 4.0 above all need a digital transformation-culture 4.0. This is based on completely new models of thought, new mindsets, cooperation and co-creativity. This is when the human part, of customers and co-entrepreneurs becomes the focal point, and not a means of any kind. - Full-stop!<\/p>\n<\/div>\n<\/div><\/div><div id=\"panel-17036-1-0-2\" class=\"so-panel widget widget_sow-editor panel-last-child\" data-index=\"3\" ><div\n\t\t\t\n\t\t\tclass=\"so-widget-sow-editor so-widget-sow-editor-base\"\n\t\t\t\n\t\t>\n<div class=\"siteorigin-widget-tinymce textwidget\">\n\t<h2>Your benefit<\/h2>\n<p>Xdigital uses digital technologies and combines them with analog formats, for cooperative and attitude-based, (self-) learning- and innovation-processes.<\/p>\n<p>Your benefit: comprehensive information transparency, real-time feedback and successful communication.The overall Xdigital strategy inspires people's attitudes and the culture of\u00a0the company.<\/p>\n<p>&nbsp;<\/p>\n<p>&nbsp;<\/p>\n<\/div>\n<\/div><\/div><\/div><\/div><\/div><\/div><div class=\"panel-container spacing-bottom \"><div id=\"pg-17036-2\"  class=\"panel-grid panel-has-style\" ><div class=\"spacing-bottom panel-row-style panel-row-style-for-17036-2\" ><div id=\"pgc-17036-2-0\"  class=\"panel-grid-cell\" ><div id=\"panel-17036-2-0-0\" class=\"so-panel widget widget_media_image panel-first-child\" data-index=\"4\" ><div class=\"lightblue gradient panel-widget-style panel-widget-style-for-17036-2-0-0\" ><a href=\"https:\/\/www.leadingx.com\/en\/competences\/leadership-personality\/leadnav-coaching\/\"><img loading=\"lazy\" decoding=\"async\" width=\"900\" height=\"500\" src=\"https:\/\/leadingx.huber-online.at\/wp-content\/uploads\/2019\/12\/lead-nav-coaching-freigestellt.svg\" class=\"image wp-image-1068  attachment-medium size-medium\" alt=\"lead-nav, coaching, 360, Grad, F\u00fchrungskr\u00e4fteanalyse, F\u00fchrungskr\u00e4fte, Analysetool, xdigital, leadingx\" style=\"max-width: 100%; height: auto;\" \/><\/a><\/div><\/div><div id=\"panel-17036-2-0-1\" class=\"so-panel widget widget_sow-editor\" data-index=\"5\" ><div\n\t\t\t\n\t\t\tclass=\"so-widget-sow-editor so-widget-sow-editor-base\"\n\t\t\t\n\t\t>\n<div class=\"siteorigin-widget-tinymce textwidget\">\n\t<h3>LeadNAV 360\u00b0 and Coaching<\/h3>\n<h4 class=\"western\">Leadership-analysis and optimisation practice-oriented and through individual coaching.<\/h4>\n<p class=\"western\">LeadNAV (leading navigation) is a powerful and at the same time simple Xdigital- service, to measure and further develop leadership and communication within the company. Contents: internal- external-image,clarity about expectations as well as strengths and weaknesses, communication, feedback-culture,analysis and development of managing-patterns, recognising and using bottlenecks and potentials, making the working-climate visible and constructively solve conflicts<\/p>\n<\/div>\n<\/div><\/div><div id=\"panel-17036-2-0-2\" class=\"so-panel widget widget_button panel-last-child\" data-index=\"6\" ><div\n\t\t\t\n\t\t\tclass=\"so-widget-button so-widget-button-default-d75171398898-17036\"\n\t\t\t\n\t\t><div class=\"button text-left\">\r\n\t<a href=\"https:\/\/leadingx.huber-online.at\/kompetenzen\/leadership-persoenlichkeit\/leadnav-coaching\/\" title=\"More\" target=\"_self\" class=\"btn style-default\">\r\n\t\t<span>More<\/span>\r\n\t<\/a>\r\n<\/div><\/div><\/div><\/div><div id=\"pgc-17036-2-1\"  class=\"panel-grid-cell\" ><div id=\"panel-17036-2-1-0\" class=\"so-panel widget widget_media_image panel-first-child\" data-index=\"7\" ><div class=\"lightblue gradient panel-widget-style panel-widget-style-for-17036-2-1-0\" ><a href=\"https:\/\/www.leadingx.com\/en\/competences\/cooperation-team-sales\/teamnav-analyse-evaluation-relationship\/\"><img loading=\"lazy\" decoding=\"async\" width=\"900\" height=\"500\" src=\"https:\/\/leadingx.huber-online.at\/wp-content\/uploads\/2019\/12\/people-holding-puzzles.svg\" class=\"image wp-image-14389  attachment-medium size-medium\" alt=\"seminar-x10, Vitality, Xperience, Xcellence, Change, Xacademy, Ausbildungsprogramm, Einstellung, Bewusstsein, Team, X, Orientierung, Leadership, LeadingX.com LeadingX, Kooperation, Team\" style=\"max-width: 100%; height: auto;\" \/><\/a><\/div><\/div><div id=\"panel-17036-2-1-1\" class=\"so-panel widget widget_sow-editor\" data-index=\"8\" ><div\n\t\t\t\n\t\t\tclass=\"so-widget-sow-editor so-widget-sow-editor-base\"\n\t\t\t\n\t\t>\n<div class=\"siteorigin-widget-tinymce textwidget\">\n\t<h3>TeamNAV<\/h3>\n<h4>Analysis, evaluation and development of relations and networks<\/h4>\n<p class=\"western\">The relations-level always dominates the factual-level! How much time, joy and energy is lost in your organisation, because of open or hidden tensions, bad vibes, frictions and conflict!? Often, exactly this working-atmosphere is crucial! The Team-navigation system, analyses and develops the topic-oriented cooperation AND emotional work-relation - the working-atmosphere. Potentials are realised, differences and conflicts are constructively solved, stable networks and high performing teams created.<\/p>\n<\/div>\n<\/div><\/div><div id=\"panel-17036-2-1-2\" class=\"so-panel widget widget_button panel-last-child\" data-index=\"9\" ><div\n\t\t\t\n\t\t\tclass=\"so-widget-button so-widget-button-default-d75171398898-17036\"\n\t\t\t\n\t\t><div class=\"button text-left\">\r\n\t<a href=\"https:\/\/leadingx.huber-online.at\/kompetenzen\/kooperation-team-verkauf\/teamnav-analyse-evaluation-beziehung-teamcoaching\/\" title=\"More\" target=\"_self\" class=\"btn style-default\">\r\n\t\t<span>More<\/span>\r\n\t<\/a>\r\n<\/div><\/div><\/div><\/div><div id=\"pgc-17036-2-2\"  class=\"panel-grid-cell\" ><div id=\"panel-17036-2-2-0\" class=\"so-panel widget widget_media_image panel-first-child\" data-index=\"10\" ><div class=\"lightblue gradient panel-widget-style panel-widget-style-for-17036-2-2-0\" ><a href=\"https:\/\/www.leadingx.com\/en\/competences\/leadership-personality\/sysnav\/\"><img loading=\"lazy\" decoding=\"async\" width=\"900\" height=\"500\" src=\"https:\/\/leadingx.huber-online.at\/wp-content\/uploads\/2019\/12\/hands-writing.svg\" class=\"image wp-image-14387  attachment-medium size-medium\" alt=\"seminar-x10, Bewertung, Feedback Xperience, Xcellence, Change, Analyse, Auswertung, Ausbildungsprogramm, Einstellung, Bewusstsein, X, Leadership, LeadingX.com LeadingX, Kooperation, Team\" style=\"max-width: 100%; height: auto;\" \/><\/a><\/div><\/div><div id=\"panel-17036-2-2-1\" class=\"so-panel widget widget_sow-editor\" data-index=\"11\" ><div\n\t\t\t\n\t\t\tclass=\"so-widget-sow-editor so-widget-sow-editor-base\"\n\t\t\t\n\t\t>\n<div class=\"siteorigin-widget-tinymce textwidget\">\n\t<h3>SysNAV<\/h3>\n<h4>Real-time-analysis, monitoring and coaching employee-enthusiasm and team-climate<\/h4>\n<p class=\"western\">Dissatisfied employees lead to dissatisfied customers and insufficient performance.\u00a0 With the System Navigator SysNAV you get a powerful tool with which you can carry out continuous employees-questionnaires, monitor the business climate and improve employee satisfaction.\u00a0 Employee-satisfaction and the atmosphere among the team are measured continuously and in real time.\u00a0 You're continuously aware of 'the puls' of your company and of every department.<\/p>\n<\/div>\n<\/div><\/div><div id=\"panel-17036-2-2-2\" class=\"so-panel widget widget_button panel-last-child\" data-index=\"12\" ><div\n\t\t\t\n\t\t\tclass=\"so-widget-button so-widget-button-default-d75171398898-17036\"\n\t\t\t\n\t\t><div class=\"button text-left\">\r\n\t<a href=\"https:\/\/leadingx.huber-online.at\/kompetenzen\/leadership-persoenlichkeit\/sysnav\/\" title=\"More\" target=\"_self\" class=\"btn style-default\">\r\n\t\t<span>More<\/span>\r\n\t<\/a>\r\n<\/div><\/div><\/div><\/div><\/div><\/div><\/div><\/div>","protected":false},"excerpt":{"rendered":"<p>LeadingXdigital uses digital technologies&#8230; &#8230; and combines them with analogue services to create effective and attitude-based development- and innovation-processes. Numbers are telling! but what is measurable, often doesn&#8217;t count. And what really is essential, couldn&#8217;t be measured so far. With LeadingXdigital, we mesure what really counts. And ensure learning- and innovation-processes, that inspire people and [&hellip;]<\/p>\n","protected":false},"author":3,"featured_media":0,"parent":16980,"menu_order":0,"comment_status":"closed","ping_status":"closed","template":"","meta":{"_acf_changed":false,"footnotes":""},"class_list":["post-17036","page","type-page","status-publish","hentry"],"acf":[],"yoast_head":"<!-- This site is optimized with the Yoast SEO plugin v27.1.1 - https:\/\/yoast.com\/product\/yoast-seo-wordpress\/ -->\n<title>Xdigital, transformationsculture<\/title>\n<meta name=\"description\" content=\"LeadingXdigital uses digital technologies and combines them with analogue services to create effective and attitude-based development- and innovation-processes...\" \/>\n<meta name=\"robots\" content=\"index, follow, max-snippet:-1, max-image-preview:large, max-video-preview:-1\" \/>\n<link rel=\"canonical\" href=\"https:\/\/leadingx.huber-online.at\/en\/services\/xdigital\/\" \/>\n<meta property=\"og:locale\" content=\"en_US\" \/>\n<meta property=\"og:type\" content=\"article\" \/>\n<meta property=\"og:title\" content=\"Xdigital, transformationsculture\" \/>\n<meta property=\"og:description\" content=\"LeadingXdigital uses digital technologies and combines them with analogue services to create effective and attitude-based development- and innovation-processes...\" \/>\n<meta property=\"og:url\" content=\"https:\/\/leadingx.huber-online.at\/en\/services\/xdigital\/\" \/>\n<meta property=\"og:site_name\" content=\"LeadingX\" \/>\n<meta property=\"article:publisher\" content=\"https:\/\/www.facebook.com\/LeadingX.Xperience.creates.Xcellence\/\" \/>\n<meta property=\"article:modified_time\" content=\"2021-03-26T09:11:05+00:00\" \/>\n<meta property=\"og:image\" content=\"https:\/\/leadingx.huber-online.at\/wp-content\/uploads\/2019\/12\/LeadingX-logo.png\" \/>\n\t<meta property=\"og:image:width\" content=\"1303\" \/>\n\t<meta property=\"og:image:height\" content=\"658\" \/>\n\t<meta property=\"og:image:type\" content=\"image\/png\" \/>\n<meta name=\"twitter:card\" content=\"summary_large_image\" \/>\n<meta name=\"twitter:label1\" content=\"Est. reading time\" \/>\n\t<meta name=\"twitter:data1\" content=\"3 minutes\" \/>\n<script type=\"application\/ld+json\" class=\"yoast-schema-graph\">{\"@context\":\"https:\/\/schema.org\",\"@graph\":[{\"@type\":\"WebPage\",\"@id\":\"https:\/\/leadingx.huber-online.at\/en\/services\/xdigital\/\",\"url\":\"https:\/\/leadingx.huber-online.at\/en\/services\/xdigital\/\",\"name\":\"Xdigital, transformationsculture\",\"isPartOf\":{\"@id\":\"https:\/\/leadingx.huber-online.at\/en\/#website\"},\"datePublished\":\"2019-12-17T14:39:01+00:00\",\"dateModified\":\"2021-03-26T09:11:05+00:00\",\"description\":\"LeadingXdigital uses digital technologies and combines them with analogue services to create effective and attitude-based development- and innovation-processes...\",\"breadcrumb\":{\"@id\":\"https:\/\/leadingx.huber-online.at\/en\/services\/xdigital\/#breadcrumb\"},\"inLanguage\":\"en-US\",\"potentialAction\":[{\"@type\":\"ReadAction\",\"target\":[\"https:\/\/leadingx.huber-online.at\/en\/services\/xdigital\/\"]}]},{\"@type\":\"BreadcrumbList\",\"@id\":\"https:\/\/leadingx.huber-online.at\/en\/services\/xdigital\/#breadcrumb\",\"itemListElement\":[{\"@type\":\"ListItem\",\"position\":1,\"name\":\"Startseite\",\"item\":\"https:\/\/leadingx.huber-online.at\/en\/\"},{\"@type\":\"ListItem\",\"position\":2,\"name\":\"LeadingX Services\",\"item\":\"https:\/\/leadingx.huber-online.at\/en\/leistungen\/\"},{\"@type\":\"ListItem\",\"position\":3,\"name\":\"Xdigital\"}]},{\"@type\":\"WebSite\",\"@id\":\"https:\/\/leadingx.huber-online.at\/en\/#website\",\"url\":\"https:\/\/leadingx.huber-online.at\/en\/\",\"name\":\"LeadingX\",\"description\":\"Xperience creates Xcellence\",\"publisher\":{\"@id\":\"https:\/\/leadingx.huber-online.at\/en\/#organization\"},\"potentialAction\":[{\"@type\":\"SearchAction\",\"target\":{\"@type\":\"EntryPoint\",\"urlTemplate\":\"https:\/\/leadingx.huber-online.at\/en\/?s={search_term_string}\"},\"query-input\":{\"@type\":\"PropertyValueSpecification\",\"valueRequired\":true,\"valueName\":\"search_term_string\"}}],\"inLanguage\":\"en-US\"},{\"@type\":\"Organization\",\"@id\":\"https:\/\/leadingx.huber-online.at\/en\/#organization\",\"name\":\"LeadingX\",\"url\":\"https:\/\/leadingx.huber-online.at\/en\/\",\"logo\":{\"@type\":\"ImageObject\",\"inLanguage\":\"en-US\",\"@id\":\"https:\/\/leadingx.huber-online.at\/en\/#\/schema\/logo\/image\/\",\"url\":\"https:\/\/leadingx.huber-online.at\/wp-content\/uploads\/2019\/12\/LeadingX-logo.png\",\"contentUrl\":\"https:\/\/leadingx.huber-online.at\/wp-content\/uploads\/2019\/12\/LeadingX-logo.png\",\"width\":1303,\"height\":658,\"caption\":\"LeadingX\"},\"image\":{\"@id\":\"https:\/\/leadingx.huber-online.at\/en\/#\/schema\/logo\/image\/\"},\"sameAs\":[\"https:\/\/www.facebook.com\/LeadingX.Xperience.creates.Xcellence\/\",\"https:\/\/www.linkedin.com\/in\/markusgruberleadingx\/\",\"https:\/\/www.youtube.com\/channel\/UCotB7KtvXuT665gWvdDJi5Q\"]}]}<\/script>\n<!-- \/ Yoast SEO plugin. -->","yoast_head_json":{"title":"Xdigital, transformationsculture","description":"LeadingXdigital uses digital technologies and combines them with analogue services to create effective and attitude-based development- and innovation-processes...","robots":{"index":"index","follow":"follow","max-snippet":"max-snippet:-1","max-image-preview":"max-image-preview:large","max-video-preview":"max-video-preview:-1"},"canonical":"https:\/\/leadingx.huber-online.at\/en\/services\/xdigital\/","og_locale":"en_US","og_type":"article","og_title":"Xdigital, transformationsculture","og_description":"LeadingXdigital uses digital technologies and combines them with analogue services to create effective and attitude-based development- and innovation-processes...","og_url":"https:\/\/leadingx.huber-online.at\/en\/services\/xdigital\/","og_site_name":"LeadingX","article_publisher":"https:\/\/www.facebook.com\/LeadingX.Xperience.creates.Xcellence\/","article_modified_time":"2021-03-26T09:11:05+00:00","og_image":[{"width":1303,"height":658,"url":"https:\/\/leadingx.huber-online.at\/wp-content\/uploads\/2019\/12\/LeadingX-logo.png","type":"image\/png"}],"twitter_card":"summary_large_image","twitter_misc":{"Est. reading time":"3 minutes"},"schema":{"@context":"https:\/\/schema.org","@graph":[{"@type":"WebPage","@id":"https:\/\/leadingx.huber-online.at\/en\/services\/xdigital\/","url":"https:\/\/leadingx.huber-online.at\/en\/services\/xdigital\/","name":"Xdigital, transformationsculture","isPartOf":{"@id":"https:\/\/leadingx.huber-online.at\/en\/#website"},"datePublished":"2019-12-17T14:39:01+00:00","dateModified":"2021-03-26T09:11:05+00:00","description":"LeadingXdigital uses digital technologies and combines them with analogue services to create effective and attitude-based development- and innovation-processes...","breadcrumb":{"@id":"https:\/\/leadingx.huber-online.at\/en\/services\/xdigital\/#breadcrumb"},"inLanguage":"en-US","potentialAction":[{"@type":"ReadAction","target":["https:\/\/leadingx.huber-online.at\/en\/services\/xdigital\/"]}]},{"@type":"BreadcrumbList","@id":"https:\/\/leadingx.huber-online.at\/en\/services\/xdigital\/#breadcrumb","itemListElement":[{"@type":"ListItem","position":1,"name":"Startseite","item":"https:\/\/leadingx.huber-online.at\/en\/"},{"@type":"ListItem","position":2,"name":"LeadingX Services","item":"https:\/\/leadingx.huber-online.at\/en\/leistungen\/"},{"@type":"ListItem","position":3,"name":"Xdigital"}]},{"@type":"WebSite","@id":"https:\/\/leadingx.huber-online.at\/en\/#website","url":"https:\/\/leadingx.huber-online.at\/en\/","name":"LeadingX","description":"Xperience creates Xcellence","publisher":{"@id":"https:\/\/leadingx.huber-online.at\/en\/#organization"},"potentialAction":[{"@type":"SearchAction","target":{"@type":"EntryPoint","urlTemplate":"https:\/\/leadingx.huber-online.at\/en\/?s={search_term_string}"},"query-input":{"@type":"PropertyValueSpecification","valueRequired":true,"valueName":"search_term_string"}}],"inLanguage":"en-US"},{"@type":"Organization","@id":"https:\/\/leadingx.huber-online.at\/en\/#organization","name":"LeadingX","url":"https:\/\/leadingx.huber-online.at\/en\/","logo":{"@type":"ImageObject","inLanguage":"en-US","@id":"https:\/\/leadingx.huber-online.at\/en\/#\/schema\/logo\/image\/","url":"https:\/\/leadingx.huber-online.at\/wp-content\/uploads\/2019\/12\/LeadingX-logo.png","contentUrl":"https:\/\/leadingx.huber-online.at\/wp-content\/uploads\/2019\/12\/LeadingX-logo.png","width":1303,"height":658,"caption":"LeadingX"},"image":{"@id":"https:\/\/leadingx.huber-online.at\/en\/#\/schema\/logo\/image\/"},"sameAs":["https:\/\/www.facebook.com\/LeadingX.Xperience.creates.Xcellence\/","https:\/\/www.linkedin.com\/in\/markusgruberleadingx\/","https:\/\/www.youtube.com\/channel\/UCotB7KtvXuT665gWvdDJi5Q"]}]}},"_links":{"self":[{"href":"https:\/\/leadingx.huber-online.at\/en\/wp-json\/wp\/v2\/pages\/17036","targetHints":{"allow":["GET"]}}],"collection":[{"href":"https:\/\/leadingx.huber-online.at\/en\/wp-json\/wp\/v2\/pages"}],"about":[{"href":"https:\/\/leadingx.huber-online.at\/en\/wp-json\/wp\/v2\/types\/page"}],"author":[{"embeddable":true,"href":"https:\/\/leadingx.huber-online.at\/en\/wp-json\/wp\/v2\/users\/3"}],"replies":[{"embeddable":true,"href":"https:\/\/leadingx.huber-online.at\/en\/wp-json\/wp\/v2\/comments?post=17036"}],"version-history":[{"count":26,"href":"https:\/\/leadingx.huber-online.at\/en\/wp-json\/wp\/v2\/pages\/17036\/revisions"}],"predecessor-version":[{"id":20849,"href":"https:\/\/leadingx.huber-online.at\/en\/wp-json\/wp\/v2\/pages\/17036\/revisions\/20849"}],"up":[{"embeddable":true,"href":"https:\/\/leadingx.huber-online.at\/en\/wp-json\/wp\/v2\/pages\/16980"}],"wp:attachment":[{"href":"https:\/\/leadingx.huber-online.at\/en\/wp-json\/wp\/v2\/media?parent=17036"}],"curies":[{"name":"wp","href":"https:\/\/api.w.org\/{rel}","templated":true}]}}